{"id":3,"date":"2024-10-01T13:37:41","date_gmt":"2024-10-01T13:37:41","guid":{"rendered":"http:\/\/creo-interactive.com\/?page_id=3"},"modified":"2025-10-07T09:14:03","modified_gmt":"2025-10-07T09:14:03","slug":"gizlilik-politikasi","status":"publish","type":"page","link":"https:\/\/creo-interactive.com\/en\/gizlilik-politikasi\/","title":{"rendered":"Gizlilik Politikas\u0131"},"content":{"rendered":"<div class=\"wp-block-greenshift-blocks-row gspb_row gspb_row-id-gsbp-d8cef9f\" id=\"gspb_row-id-gsbp-d8cef9f\"><div class=\"gspb_row__content\"> \n<div class=\"wp-block-greenshift-blocks-row-column gspb_row__col--12 gspb_col-id-gsbp-198ace8\" id=\"gspb_col-id-gsbp-198ace8\">\n<h2 id=\"gspb_heading-id-gsbp-f7b8f05\" class=\"gspb_heading gspb_heading-id-gsbp-f7b8f05\">Gizlilik Politikas\u0131<\/h2>\n\n\n\n<p><strong>Biz Kimiz?<\/strong><\/p>\n\n\n\n<p><strong>Creo Interactive<\/strong>, teknolojiyi ve y\u00fcksek kaliteli m\u00fchendisli\u011fi kullanarak&nbsp;<strong>herkesin daha sa\u011fl\u0131kl\u0131 ve formda kalmas\u0131n\u0131 kolayla\u015ft\u0131rmak<\/strong>&nbsp;amac\u0131yla kurulmu\u015f bir \u015firkettir.<\/p>\n\n\n\n<p>Biz&nbsp;<strong>Creo Interactive<\/strong>&nbsp;olarak,&nbsp;<strong>gizlili\u011finize b\u00fcy\u00fck \u00f6nem veriyoruz<\/strong>&nbsp;ve&nbsp;<strong>ki\u015fisel bilgilerinizi yaln\u0131zca talep etti\u011finiz \u00fcr\u00fcn ve hizmetleri sa\u011flamak amac\u0131yla<\/strong>&nbsp;kullan\u0131yoruz.<\/p>\n\n\n\n<p>Bununla birlikte, zaman zaman&nbsp;<strong>en yeni \u00fcr\u00fcnlerimiz, kampanyalar\u0131m\u0131z, yar\u0131\u015fmalar\u0131m\u0131z ve haberlerimiz<\/strong>&nbsp;hakk\u0131nda sizi e-posta yoluyla bilgilendirmek isteriz.<br>Bu bildirimleri almak istemezseniz,&nbsp;<strong>e-postan\u0131n alt k\u0131sm\u0131ndaki ba\u011flant\u0131ya t\u0131klayarak diledi\u011finiz zaman abonelikten \u00e7\u0131kabilirsiniz.<\/strong><\/p>\n\n\n\n<p><strong>Ki\u015fisel bilgilerinizi \u00fc\u00e7\u00fcnc\u00fc taraflarla payla\u015fmayaca\u011f\u0131m\u0131z\u0131<\/strong>&nbsp;ve&nbsp;<strong>bilgilerinizi g\u00fcvende tutaca\u011f\u0131m\u0131z\u0131 taahh\u00fct ediyoruz.<\/strong><\/p>\n\n\n\n<hr class=\"wp-block-separator has-alpha-channel-opacity\"\/>\n\n\n\n<h3 class=\"wp-block-heading\" id=\"creo-interactive-hakkimda-hangi-bilgileri-topluyor\"><strong>Creo Interactive Hakk\u0131mda Hangi Bilgileri Topluyor?<\/strong><\/h3>\n\n\n\n<p>B\u00fcltenimize kaydoldu\u011funuzda veya bize e-posta ile bir soru y\u00f6neltti\u011finizde,<br><strong>ad\u0131n\u0131z, adresiniz, e-posta adresiniz ve telefon numaran\u0131z<\/strong>&nbsp;gibi temel bilgileri toplar\u0131z.<\/p>\n\n\n\n<p>\u00dcr\u00fcn sat\u0131n ald\u0131\u011f\u0131n\u0131zda,&nbsp;<strong>alternatif bir e-posta adresi, telefon numaras\u0131 ve teslimat adresi<\/strong>&nbsp;gibi ek bilgileri de toplayabiliriz.<\/p>\n\n\n\n<p>Ayr\u0131ca, bizimle ileti\u015fime ge\u00e7ti\u011finizde,&nbsp;<strong>talebinizle ilgili olarak nas\u0131l yan\u0131t verdi\u011fimizi g\u00f6steren notlar<\/strong>&nbsp;alabiliriz.<\/p>\n\n\n\n<p>Web sitemizde&nbsp;<strong>kullan\u0131c\u0131 deneyimini geli\u015ftirmek amac\u0131yla \u00e7erezleri (cookies)<\/strong>&nbsp;kullanarak bilgi toplayabiliriz.<\/p>\n\n\n\n<hr class=\"wp-block-separator has-alpha-channel-opacity\"\/>\n\n\n\n<h3 class=\"wp-block-heading\" id=\"creo-interactive-bilgilerimi-nasil-kullaniyor\"><strong>Creo Interactive Bilgilerimi Nas\u0131l Kullan\u0131yor?<\/strong><\/h3>\n\n\n\n<p>Toplad\u0131\u011f\u0131m\u0131z bilgileri a\u015fa\u011f\u0131daki ama\u00e7larla kullan\u0131r\u0131z:<\/p>\n\n\n\n<ul class=\"wp-block-list\">\n<li><strong>Verdi\u011finiz sipari\u015fleri i\u015flemek<\/strong><\/li>\n\n\n\n<li><strong>Talep etti\u011finiz ve ilginizi \u00e7ekebilecek ileti\u015fimleri size g\u00f6ndermek<\/strong><\/li>\n\n\n\n<li><strong>Yar\u0131\u015fma kat\u0131l\u0131mlar\u0131n\u0131 de\u011ferlendirmek<\/strong><\/li>\n\n\n\n<li><strong>Sa\u011flad\u0131\u011f\u0131m\u0131z \u00fcr\u00fcnler hakk\u0131nda g\u00f6r\u00fc\u015flerinizi almak<\/strong><\/li>\n<\/ul>\n\n\n\n<p>Ayr\u0131ca,&nbsp;<strong>web sitemizi ve e-posta b\u00fcltenlerimizi geli\u015ftirmek i\u00e7in<\/strong>&nbsp;bilgilerinizi kullan\u0131r\u0131z.<br>G\u00f6nderdi\u011fimiz e-postalar\u0131n&nbsp;<strong>a\u00e7\u0131lma ve t\u0131klanma oranlar\u0131n\u0131 takip ederek<\/strong>, i\u00e7eri\u011fimizi&nbsp;<strong>ilgi alanlar\u0131n\u0131za g\u00f6re \u015fekillendiririz.<\/strong><br>B\u00f6ylece size yaln\u0131zca&nbsp;<strong>ilginizi \u00e7ekebilecek bilgiler<\/strong>&nbsp;g\u00f6nderilir.<\/p>\n\n\n\n<p>Unutmay\u0131n,&nbsp;<strong>e-postan\u0131n alt k\u0131sm\u0131ndaki \u201cAbonelikten \u00c7\u0131k\u201d ba\u011flant\u0131s\u0131na t\u0131klayarak<\/strong>&nbsp;istedi\u011finiz zaman aboneli\u011finizi iptal edebilirsiniz.<\/p>\n\n\n\n<p>Bazen,&nbsp;<strong>a\u00e7\u0131lma ve t\u0131klanma oranlar\u0131 gibi verileri pazarlama ajans\u0131m\u0131za iletebiliriz<\/strong>, b\u00f6ylece&nbsp;<strong>do\u011frudan pazarlama \u00e7al\u0131\u015fmalar\u0131m\u0131z\u0131n etkinli\u011fini art\u0131rabilirler.<\/strong><br>Ancak,&nbsp;<strong>ad\u0131n\u0131z, telefon numaran\u0131z, adresiniz veya e-posta adresiniz gibi ki\u015fisel bilgileriniz pazarlama ama\u00e7lar\u0131yla kullan\u0131lmaz.<\/strong><\/p>\n\n\n\n<hr class=\"wp-block-separator has-alpha-channel-opacity\"\/>\n\n\n\n<h3 class=\"wp-block-heading\" id=\"bu-politikanin-gozden-gecirilmesi\"><strong>Bu Politikan\u0131n G\u00f6zden Ge\u00e7irilmesi<\/strong><\/h3>\n\n\n\n<p>Bu&nbsp;<strong>gizlilik politikas\u0131 d\u00fczenli olarak g\u00f6zden ge\u00e7irilmektedir.<\/strong><br><strong>En son Ekim 2024 tarihinde g\u00fcncellenmi\u015ftir.<\/strong><\/p>\n\n\n\n<p>E\u011fer&nbsp;<strong>gizlilik politikam\u0131z hakk\u0131nda herhangi bir sorunuz<\/strong>&nbsp;varsa veya&nbsp;<strong>bilgilerinizin sistemimizden silinmesini istiyorsan\u0131z<\/strong>, l\u00fctfen bizimle ileti\u015fime ge\u00e7in:<\/p>\n\n\n\n<p>\ud83d\udcde&nbsp;<strong>Bizi Aray\u0131n:<\/strong>&nbsp;+90 546 440 58 93<br>\ud83d\udce9&nbsp;<strong>Bize E-posta G\u00f6nderin:<\/strong>&nbsp;<a>hello@creo-interactive.com<\/a><\/p>\n<\/div>\n <\/div><\/div>","protected":false},"excerpt":{"rendered":"","protected":false},"author":1,"featured_media":0,"parent":0,"menu_order":0,"comment_status":"closed","ping_status":"closed","template":"","meta":{"_gspb_post_css":"#gspb_row-id-gsbp-d8cef9f{justify-content:space-between;margin-top:0;margin-bottom:0;display:flex;flex-wrap:wrap;padding:150px}#gspb_row-id-gsbp-d8cef9f>.gspb_row__content{display:flex;justify-content:space-between;margin:0 auto;width:100%;flex-wrap:wrap}.gspb_row{position:relative}div[id^=gspb_col-id]{box-sizing:border-box;position:relative;padding:var(--gs-row-column-padding, 15px min(3vw, 20px))}body.gspb-bodyfront #gspb_row-id-gsbp-d8cef9f>.gspb_row__content{width:var(--theme-container-width, 1200px);max-width:var(--theme-normal-container-max-width, 1200px)}#gspb_col-id-gsbp-198ace8.gspb_row__col--12{width:100%}@media (max-width:575.98px){#gspb_col-id-gsbp-198ace8.gspb_row__col--12{width:100%}}#gspb_heading-id-gsbp-f7b8f05{margin-bottom:50px}","footnotes":""},"class_list":["post-3","page","type-page","status-publish","hentry"],"blocksy_meta":{"vertical_spacing_source":"custom","content_area_spacing":"none","styles_descriptor":{"styles":{"desktop":"","tablet":"","mobile":""},"google_fonts":[],"version":6},"has_hero_section":"disabled","page_structure_type":"default","content_style_source":"inherit"},"_links":{"self":[{"href":"https:\/\/creo-interactive.com\/en\/wp-json\/wp\/v2\/pages\/3","targetHints":{"allow":["GET"]}}],"collection":[{"href":"https:\/\/creo-interactive.com\/en\/wp-json\/wp\/v2\/pages"}],"about":[{"href":"https:\/\/creo-interactive.com\/en\/wp-json\/wp\/v2\/types\/page"}],"author":[{"embeddable":true,"href":"https:\/\/creo-interactive.com\/en\/wp-json\/wp\/v2\/users\/1"}],"replies":[{"embeddable":true,"href":"https:\/\/creo-interactive.com\/en\/wp-json\/wp\/v2\/comments?post=3"}],"version-history":[{"count":3,"href":"https:\/\/creo-interactive.com\/en\/wp-json\/wp\/v2\/pages\/3\/revisions"}],"predecessor-version":[{"id":3007,"href":"https:\/\/creo-interactive.com\/en\/wp-json\/wp\/v2\/pages\/3\/revisions\/3007"}],"wp:attachment":[{"href":"https:\/\/creo-interactive.com\/en\/wp-json\/wp\/v2\/media?parent=3"}],"curies":[{"name":"wp","href":"https:\/\/api.w.org\/{rel}","templated":true}]}}