{"id":174,"date":"2025-01-06T14:39:30","date_gmt":"2025-01-06T14:39:30","guid":{"rendered":"https:\/\/startersites.io\/blocksy\/kiddy\/?post_type=product&#038;p=174"},"modified":"2025-09-17T20:11:08","modified_gmt":"2025-09-17T20:11:08","slug":"powerhoop","status":"publish","type":"product","link":"https:\/\/creo-interactive.com\/en\/product\/powerhoop\/","title":{"rendered":"PowerHoop"},"content":{"rendered":"<h2 data-start=\"1021\" data-end=\"1040\"><span style=\"color: #ff6600;\"><strong data-start=\"1025\" data-end=\"1038\">PowerHoop &#8211; <\/strong><strong data-start=\"1041\" data-end=\"1079\">Enerjini Topla ve Skorunu Y\u00fckselt!<\/strong><\/span><\/h2>\n<p data-start=\"1083\" data-end=\"1303\"><strong data-start=\"1083\" data-end=\"1096\">A\u00e7\u0131klama:<\/strong><br data-start=\"1096\" data-end=\"1099\" \/>PowerHoop, oyuncular\u0131n z\u0131playarak basket atmaya \u00e7al\u0131\u015ft\u0131\u011f\u0131, fiziksel aktiviteyi e\u011flenceyle birle\u015ftiren interaktif bir oyundur. Her ba\u015far\u0131l\u0131 at\u0131\u015f puan kazand\u0131r\u0131r, en y\u00fcksek skoru yapan oyunun galibi olur.<\/p>\n<hr data-start=\"1305\" data-end=\"1308\" \/>\n<p data-start=\"1310\" data-end=\"1331\"><strong data-start=\"1310\" data-end=\"1329\">\u00dcr\u00fcn Detaylar\u0131:<\/strong><\/p>\n<ul data-start=\"1332\" data-end=\"1857\">\n<li data-start=\"1332\" data-end=\"1493\">\n<p data-start=\"1334\" data-end=\"1493\"><strong data-start=\"1334\" data-end=\"1350\">Oyun Temas\u0131:<\/strong><br data-start=\"1350\" data-end=\"1353\" \/>Oyuncular, trambolin \u00fczerinde z\u0131playarak basket atmaya \u00e7al\u0131\u015f\u0131r. Ama\u00e7, belirlenen s\u00fcrede en fazla isabeti sa\u011flayarak rakipleri ge\u00e7mektir.<\/p>\n<\/li>\n<li data-start=\"1495\" data-end=\"1757\">\n<p data-start=\"1497\" data-end=\"1524\"><strong data-start=\"1497\" data-end=\"1522\">Interaktif Elemanlar:<\/strong><\/p>\n<ul data-start=\"1527\" data-end=\"1757\">\n<li data-start=\"1527\" data-end=\"1595\"><strong data-start=\"1529\" data-end=\"1547\">Basket Potas\u0131:<\/strong> Oyuncular\u0131n isabetli at\u0131\u015f yapmas\u0131 i\u00e7in hedef.<\/li>\n<li data-start=\"1598\" data-end=\"1678\"><strong data-start=\"1600\" data-end=\"1621\">LED Skor Tablosu:<\/strong> At\u0131\u015f say\u0131s\u0131n\u0131 ve kalan s\u00fcreyi ger\u00e7ek zamanl\u0131 g\u00f6sterir.<\/li>\n<li data-start=\"1681\" data-end=\"1757\"><strong data-start=\"1683\" data-end=\"1701\">Ses Efektleri:<\/strong> Her ba\u015far\u0131l\u0131 at\u0131\u015fta motive edici geri bildirim sunar.<\/li>\n<\/ul>\n<\/li>\n<li data-start=\"1759\" data-end=\"1857\">\n<p data-start=\"1761\" data-end=\"1857\"><strong data-start=\"1761\" data-end=\"1770\">Ama\u00e7:<\/strong><br data-start=\"1770\" data-end=\"1773\" \/>En fazla basketi atarak en y\u00fcksek puan\u0131 toplamak ve rakiplerini geride b\u0131rakmak.<\/p>\n<\/li>\n<\/ul>","protected":false},"excerpt":{"rendered":"<h3 data-start=\"1021\" data-end=\"1040\"><span style=\"color: #ff6600;\"><strong data-start=\"1041\" data-end=\"1079\">PowerHoop Enerjini Topla ve Skorunu Y\u00fckselt!<\/strong><\/span><\/h3>\n<p><strong data-start=\"1761\" data-end=\"1770\">Ama\u00e7: <\/strong>En fazla basketi atarak en y\u00fcksek puan\u0131 toplamak ve rakiplerini geride b\u0131rakmak.<\/p>","protected":false},"featured_media":2587,"comment_status":"open","ping_status":"closed","template":"","meta":{"_gspb_post_css":""},"product_brand":[226],"product_cat":[218],"product_tag":[287,246,248,289,288,291,290],"class_list":{"0":"post-174","1":"product","2":"type-product","3":"status-publish","4":"has-post-thumbnail","6":"product_brand-creo-interactive","7":"product_cat-basketbol-ve-hedef-vurma-oyunlari","8":"product_tag-basketbol","9":"product_tag-etkilesimli-basketbol-oyunu","10":"product_tag-ic-mekan-oyunlar","11":"product_tag-interaktif-basketbol-oyunu","12":"product_tag-skorboard","13":"product_tag-softplay","14":"product_tag-yumusak-basketbol-oyunu","16":"first","17":"instock","18":"taxable","19":"shipping-taxable","20":"purchasable","21":"product-type-simple"},"_links":{"self":[{"href":"https:\/\/creo-interactive.com\/en\/wp-json\/wp\/v2\/product\/174","targetHints":{"allow":["GET"]}}],"collection":[{"href":"https:\/\/creo-interactive.com\/en\/wp-json\/wp\/v2\/product"}],"about":[{"href":"https:\/\/creo-interactive.com\/en\/wp-json\/wp\/v2\/types\/product"}],"replies":[{"embeddable":true,"href":"https:\/\/creo-interactive.com\/en\/wp-json\/wp\/v2\/comments?post=174"}],"wp:featuredmedia":[{"embeddable":true,"href":"https:\/\/creo-interactive.com\/en\/wp-json\/wp\/v2\/media\/2587"}],"wp:attachment":[{"href":"https:\/\/creo-interactive.com\/en\/wp-json\/wp\/v2\/media?parent=174"}],"wp:term":[{"taxonomy":"product_brand","embeddable":true,"href":"https:\/\/creo-interactive.com\/en\/wp-json\/wp\/v2\/product_brand?post=174"},{"taxonomy":"product_cat","embeddable":true,"href":"https:\/\/creo-interactive.com\/en\/wp-json\/wp\/v2\/product_cat?post=174"},{"taxonomy":"product_tag","embeddable":true,"href":"https:\/\/creo-interactive.com\/en\/wp-json\/wp\/v2\/product_tag?post=174"}],"curies":[{"name":"wp","href":"https:\/\/api.w.org\/{rel}","templated":true}]}}