{"id":176,"date":"2025-01-06T15:02:06","date_gmt":"2025-01-06T15:02:06","guid":{"rendered":"https:\/\/startersites.io\/blocksy\/kiddy\/?post_type=product&#038;p=176"},"modified":"2025-09-17T20:10:44","modified_gmt":"2025-09-17T20:10:44","slug":"bounce-hoops","status":"publish","type":"product","link":"https:\/\/creo-interactive.com\/en\/product\/bounce-hoops\/","title":{"rendered":"Bounce Hoops"},"content":{"rendered":"<h2 data-start=\"0\" data-end=\"21\"><span style=\"color: #339966;\"><strong data-start=\"4\" data-end=\"19\">Bounce Hoops &#8211; <\/strong><strong data-start=\"22\" data-end=\"55\">Z\u0131pla, At ve Skorunu Y\u00fckselt!<\/strong><\/span><\/h2>\n<p data-start=\"59\" data-end=\"362\"><strong data-start=\"59\" data-end=\"72\">A\u00e7\u0131klama:<\/strong><br data-start=\"72\" data-end=\"75\" \/><strong>Bounce Hoops<\/strong>, trambolin \u00fczerinde z\u0131playarak basket atmay\u0131 hedefleyen e\u011flenceli ve dinamik bir oyun sistemidir. Oyuncular her ba\u015far\u0131l\u0131 at\u0131\u015fta puan toplar ve belirlenen s\u00fcre i\u00e7inde en y\u00fcksek skoru yapmaya \u00e7al\u0131\u015f\u0131r. Hem fiziksel aktiviteyi te\u015fvik eder hem de rekabet dolu bir deneyim sunar!<\/p>\n<hr data-start=\"364\" data-end=\"367\" \/>\n<p data-start=\"369\" data-end=\"390\"><strong data-start=\"369\" data-end=\"388\">\u00dcr\u00fcn Detaylar\u0131:<\/strong><\/p>\n<ul data-start=\"391\" data-end=\"959\">\n<li data-start=\"391\" data-end=\"541\">\n<p data-start=\"393\" data-end=\"541\"><strong data-start=\"393\" data-end=\"409\">Oyun Temas\u0131:<\/strong><br data-start=\"409\" data-end=\"412\" \/>Oyuncular, trambolin \u00fczerinde z\u0131playarak basket potalar\u0131na at\u0131\u015f yapar. Ama\u00e7, belirli s\u00fcre i\u00e7inde en fazla say\u0131y\u0131 kazanmakt\u0131r.<\/p>\n<\/li>\n<li data-start=\"543\" data-end=\"831\">\n<p data-start=\"545\" data-end=\"572\"><strong data-start=\"545\" data-end=\"570\">Interaktif Elemanlar:<\/strong><\/p>\n<ul data-start=\"575\" data-end=\"831\">\n<li data-start=\"575\" data-end=\"655\"><strong data-start=\"577\" data-end=\"597\">Basket Potalar\u0131:<\/strong> Oyuncular\u0131n isabetli at\u0131\u015flarla puan kazand\u0131\u011f\u0131 hedefler.<\/li>\n<li data-start=\"658\" data-end=\"742\"><strong data-start=\"660\" data-end=\"680\">LED Skor Panosu:<\/strong> Anl\u0131k skorlar\u0131 ve kalan s\u00fcreyi g\u00f6stererek heyecan\u0131 art\u0131r\u0131r.<\/li>\n<li data-start=\"745\" data-end=\"831\"><strong data-start=\"747\" data-end=\"765\">Ses Efektleri:<\/strong> Her ba\u015far\u0131l\u0131 at\u0131\u015fta etkileyici seslerle oyuncular\u0131 motive eder.<\/li>\n<\/ul>\n<\/li>\n<li data-start=\"833\" data-end=\"959\">\n<p data-start=\"835\" data-end=\"959\"><strong data-start=\"835\" data-end=\"844\">Ama\u00e7:<\/strong><br data-start=\"844\" data-end=\"847\" \/>Oyuncular, z\u0131playarak en fazla say\u0131y\u0131 atmaya \u00e7al\u0131\u015f\u0131r. S\u00fcre sonunda en y\u00fcksek skoru elde eden oyuncu kazan\u0131r.<\/p>\n<\/li>\n<\/ul>","protected":false},"excerpt":{"rendered":"<h3 data-start=\"0\" data-end=\"21\"><span style=\"color: #339966;\"><strong data-start=\"22\" data-end=\"55\">Bounce Hoops Z\u0131pla, At ve Skorunu Y\u00fckselt!<\/strong><\/span><\/h3>\n<p><strong data-start=\"835\" data-end=\"844\">Ama\u00e7: Bounce Hoops <\/strong>oyuncular, z\u0131playarak en fazla say\u0131y\u0131 atmaya \u00e7al\u0131\u015f\u0131r. S\u00fcre sonunda en y\u00fcksek skoru elde eden oyuncu kazan\u0131r.<\/p>","protected":false},"featured_media":2582,"comment_status":"open","ping_status":"closed","template":"","meta":{"_gspb_post_css":""},"product_brand":[226],"product_cat":[218],"product_tag":[245,246,248,247,244],"class_list":{"0":"post-176","1":"product","2":"type-product","3":"status-publish","4":"has-post-thumbnail","6":"product_brand-creo-interactive","7":"product_cat-basketbol-ve-hedef-vurma-oyunlari","8":"product_tag-2li-trambolin","9":"product_tag-etkilesimli-basketbol-oyunu","10":"product_tag-ic-mekan-oyunlar","11":"product_tag-interaktif-oyun","12":"product_tag-trambolin","14":"first","15":"instock","16":"featured","17":"taxable","18":"shipping-taxable","19":"purchasable","20":"product-type-simple"},"_links":{"self":[{"href":"https:\/\/creo-interactive.com\/en\/wp-json\/wp\/v2\/product\/176","targetHints":{"allow":["GET"]}}],"collection":[{"href":"https:\/\/creo-interactive.com\/en\/wp-json\/wp\/v2\/product"}],"about":[{"href":"https:\/\/creo-interactive.com\/en\/wp-json\/wp\/v2\/types\/product"}],"replies":[{"embeddable":true,"href":"https:\/\/creo-interactive.com\/en\/wp-json\/wp\/v2\/comments?post=176"}],"wp:featuredmedia":[{"embeddable":true,"href":"https:\/\/creo-interactive.com\/en\/wp-json\/wp\/v2\/media\/2582"}],"wp:attachment":[{"href":"https:\/\/creo-interactive.com\/en\/wp-json\/wp\/v2\/media?parent=176"}],"wp:term":[{"taxonomy":"product_brand","embeddable":true,"href":"https:\/\/creo-interactive.com\/en\/wp-json\/wp\/v2\/product_brand?post=176"},{"taxonomy":"product_cat","embeddable":true,"href":"https:\/\/creo-interactive.com\/en\/wp-json\/wp\/v2\/product_cat?post=176"},{"taxonomy":"product_tag","embeddable":true,"href":"https:\/\/creo-interactive.com\/en\/wp-json\/wp\/v2\/product_tag?post=176"}],"curies":[{"name":"wp","href":"https:\/\/api.w.org\/{rel}","templated":true}]}}