{"id":2576,"date":"2025-03-04T07:39:34","date_gmt":"2025-03-04T07:39:34","guid":{"rendered":"https:\/\/creo-interactive.com\/?post_type=product&#038;p=2576"},"modified":"2025-10-07T10:28:20","modified_gmt":"2025-10-07T10:28:20","slug":"infinity-floor","status":"publish","type":"product","link":"https:\/\/creo-interactive.com\/en\/product\/infinity-floor\/","title":{"rendered":"Infinity Floor"},"content":{"rendered":"<h2 data-start=\"984\" data-end=\"1008\"><span style=\"color: #00ccff;\"><strong data-start=\"988\" data-end=\"1006\">Infinity Floor &#8211; <\/strong><strong data-start=\"1009\" data-end=\"1071\">Sonsuz Derinlik Alg\u0131s\u0131yla E\u011flenceli ve G\u00f6rsel Bir Deneyim!<\/strong><\/span><\/h2>\n<p data-start=\"1075\" data-end=\"1307\"><strong data-start=\"1075\" data-end=\"1088\">A\u00e7\u0131klama:<\/strong><br data-start=\"1088\" data-end=\"1091\" \/>Infinity Floor, interaktif LED \u0131\u015f\u0131klar ve g\u00f6rsel efektlerle olu\u015fturulmu\u015f \u00f6zel bir zemin platformudur. \u00dczerine ad\u0131m atan oyuncular, sonsuz bir derinlik hissiyle b\u00fcy\u00fclenirken refleks ve denge becerilerini geli\u015ftirir.<\/p>\n<hr data-start=\"1309\" data-end=\"1312\" \/>\n<p data-start=\"1314\" data-end=\"1335\"><strong data-start=\"1314\" data-end=\"1333\">\u00dcr\u00fcn Detaylar\u0131:<\/strong><\/p>\n<ul data-start=\"1336\" data-end=\"1875\">\n<li data-start=\"1336\" data-end=\"1488\">\n<p data-start=\"1338\" data-end=\"1488\"><strong data-start=\"1338\" data-end=\"1354\">Oyun Temas\u0131:<\/strong><br data-start=\"1354\" data-end=\"1357\" \/>Oyuncular, platform \u00fczerindeki \u0131\u015f\u0131kl\u0131 desenlere basarak puan toplar. Zemin, sonsuzluk alg\u0131s\u0131yla e\u015fsiz bir g\u00f6rsel deneyim sunar.<\/p>\n<\/li>\n<li data-start=\"1490\" data-end=\"1758\">\n<p data-start=\"1492\" data-end=\"1519\"><strong data-start=\"1492\" data-end=\"1517\">Interaktif Elemanlar:<\/strong><\/p>\n<ul data-start=\"1522\" data-end=\"1758\">\n<li data-start=\"1522\" data-end=\"1602\"><strong data-start=\"1524\" data-end=\"1551\">LED Ayd\u0131nlatmal\u0131 Zemin:<\/strong> Oyuncular\u0131n ad\u0131mlar\u0131na tepki veren \u0131\u015f\u0131kl\u0131 y\u00fczey.<\/li>\n<li data-start=\"1605\" data-end=\"1688\"><strong data-start=\"1607\" data-end=\"1628\">Dinamik Desenler:<\/strong> Hareket eden \u0131\u015f\u0131klarla oyuncular\u0131n dikkati canl\u0131 tutulur.<\/li>\n<li data-start=\"1691\" data-end=\"1758\"><strong data-start=\"1693\" data-end=\"1711\">Ses Efektleri:<\/strong> Her ba\u015far\u0131l\u0131 ad\u0131mda e\u011flenceli ses efektleri.<\/li>\n<\/ul>\n<\/li>\n<li data-start=\"1760\" data-end=\"1875\">\n<p data-start=\"1762\" data-end=\"1875\"><strong data-start=\"1762\" data-end=\"1771\">Ama\u00e7:<\/strong><br data-start=\"1771\" data-end=\"1774\" \/>Refleks ve denge kullanarak zemin \u00fczerindeki \u0131\u015f\u0131kl\u0131 hedeflere basmak ve en y\u00fcksek puan\u0131 toplamak.<\/p>\n<\/li>\n<\/ul>","protected":false},"excerpt":{"rendered":"<h3 data-start=\"984\" data-end=\"1008\"><span style=\"color: #00ccff;\"><strong data-start=\"1009\" data-end=\"1071\">Infinity Floor Sonsuz Derinlik Alg\u0131s\u0131yla E\u011flenceli ve G\u00f6rsel Bir Deneyim!<\/strong><\/span><\/h3>\n<p><strong data-start=\"1762\" data-end=\"1771\">Ama\u00e7: Infinity Floor <\/strong>Refleks ve denge kullanarak zemin \u00fczerindeki \u0131\u015f\u0131kl\u0131 hedeflere basmak ve en y\u00fcksek puan\u0131 toplamak.<\/p>","protected":false},"featured_media":2604,"comment_status":"open","ping_status":"closed","template":"","meta":{"_gspb_post_css":""},"product_brand":[226],"product_cat":[219],"product_tag":[278,279,266,252,277],"class_list":{"0":"post-2576","1":"product","2":"type-product","3":"status-publish","4":"has-post-thumbnail","6":"product_brand-creo-interactive","7":"product_cat-hareket-ve-denge-tabanli-oyunlar","8":"product_tag-denge-oyunu","9":"product_tag-etkilesimli-oyun","10":"product_tag-ic-mekan-oyun-alani","11":"product_tag-interaktif-oyunlar","12":"product_tag-sonsuz-zemin","14":"first","15":"instock","16":"taxable","17":"shipping-taxable","18":"purchasable","19":"product-type-simple"},"_links":{"self":[{"href":"https:\/\/creo-interactive.com\/en\/wp-json\/wp\/v2\/product\/2576","targetHints":{"allow":["GET"]}}],"collection":[{"href":"https:\/\/creo-interactive.com\/en\/wp-json\/wp\/v2\/product"}],"about":[{"href":"https:\/\/creo-interactive.com\/en\/wp-json\/wp\/v2\/types\/product"}],"replies":[{"embeddable":true,"href":"https:\/\/creo-interactive.com\/en\/wp-json\/wp\/v2\/comments?post=2576"}],"wp:featuredmedia":[{"embeddable":true,"href":"https:\/\/creo-interactive.com\/en\/wp-json\/wp\/v2\/media\/2604"}],"wp:attachment":[{"href":"https:\/\/creo-interactive.com\/en\/wp-json\/wp\/v2\/media?parent=2576"}],"wp:term":[{"taxonomy":"product_brand","embeddable":true,"href":"https:\/\/creo-interactive.com\/en\/wp-json\/wp\/v2\/product_brand?post=2576"},{"taxonomy":"product_cat","embeddable":true,"href":"https:\/\/creo-interactive.com\/en\/wp-json\/wp\/v2\/product_cat?post=2576"},{"taxonomy":"product_tag","embeddable":true,"href":"https:\/\/creo-interactive.com\/en\/wp-json\/wp\/v2\/product_tag?post=2576"}],"curies":[{"name":"wp","href":"https:\/\/api.w.org\/{rel}","templated":true}]}}