{"id":2577,"date":"2025-03-04T07:49:03","date_gmt":"2025-03-04T07:49:03","guid":{"rendered":"https:\/\/creo-interactive.com\/?post_type=product&#038;p=2577"},"modified":"2025-10-07T10:28:19","modified_gmt":"2025-10-07T10:28:19","slug":"projexplay","status":"publish","type":"product","link":"https:\/\/creo-interactive.com\/en\/product\/projexplay\/","title":{"rendered":"ProjexPlay"},"content":{"rendered":"<h2 data-start=\"45\" data-end=\"93\"><span style=\"color: #8765a0;\"><strong data-start=\"45\" data-end=\"91\">ProjexPlay \u2013 Hareketle \u015eekillenen E\u011flence!<\/strong><\/span><\/h2>\n<p data-start=\"128\" data-end=\"433\">ProjexPlay, projeksiyon teknolojisi ile yans\u0131t\u0131lan interaktif oyunlar\u0131 sens\u00f6r yard\u0131m\u0131yla y\u00f6neterek e\u011flenceyi ba\u015fka bir boyuta ta\u015f\u0131yan yenilik\u00e7i bir oyun sistemidir. \u00c7e\u015fitli oyun se\u00e7enekleriyle \u00e7ocuklar\u0131n hem fiziksel hem de zihinsel becerilerini geli\u015ftiren bu \u00fcr\u00fcn, e\u011flence merkezlerinizde fark yarat\u0131r.<\/p>\n<h4 data-start=\"435\" data-end=\"458\"><strong data-start=\"440\" data-end=\"456\">Oyun Temas\u0131:<\/strong><\/h4>\n<p data-start=\"459\" data-end=\"786\">Projeksiyondan yans\u0131t\u0131lan oyunlar, sens\u00f6r yard\u0131m\u0131yla \u00e7ocuklar\u0131n hareketlerine g\u00f6re \u015fekillenir. Oyuncular, balon patlatma, \u015feker toplama, ya da Candy Crash tarz\u0131 oyunlar oynayarak hem e\u011flenir hem de reflekslerini geli\u015ftirir. ProjexPlay, farkl\u0131 oyun temalar\u0131yla her ya\u015f grubuna hitap eder ve interaktif bir oyun deneyimi sunar.<\/p>\n<h4 data-start=\"788\" data-end=\"820\"><strong data-start=\"793\" data-end=\"818\">\u0130nteraktif Elemanlar:<\/strong><\/h4>\n<ul data-start=\"821\" data-end=\"1238\">\n<li data-start=\"821\" data-end=\"947\"><strong data-start=\"823\" data-end=\"850\">Projeksiyon Teknolojisi<\/strong>: D\u00fcz duvarlara veya top havuzu gibi alanlara kolayca entegre edilen geli\u015fmi\u015f yans\u0131tma sistemi.<\/li>\n<li data-start=\"948\" data-end=\"1050\"><strong data-start=\"950\" data-end=\"972\">Hareket Sens\u00f6rleri<\/strong>: \u00c7ocuklar\u0131n hareketlerini alg\u0131layarak oyunu y\u00f6nlendirmelerine olanak tan\u0131r.<\/li>\n<li data-start=\"1051\" data-end=\"1145\"><strong data-start=\"1053\" data-end=\"1081\">\u00c7e\u015fitli Oyun Se\u00e7enekleri<\/strong>: Balon patlatma, \u015feker toplama ve daha bir\u00e7ok e\u011flenceli tema.<\/li>\n<li data-start=\"1146\" data-end=\"1238\"><strong data-start=\"1148\" data-end=\"1176\">G\u00f6rsel ve I\u015f\u0131k Efektleri<\/strong>: \u00c7ocuklar\u0131n dikkatini \u00e7eken renkli ve dinamik animasyonlar.<\/li>\n<\/ul>\n<h4 data-start=\"1240\" data-end=\"1265\"><strong data-start=\"1245\" data-end=\"1263\">Kurulum Alan\u0131:<\/strong><\/h4>\n<p data-start=\"1266\" data-end=\"1473\">ProjexPlay, genellikle top havuzlar\u0131nda, d\u00fcz duvarlarda veya d\u00fc\u015f\u00fck ayd\u0131nlatmal\u0131 alanlarda kurulur. \u00dcr\u00fcn\u00fcn bulundu\u011fu alan\u0131n \u00e7ok fazla ayd\u0131nl\u0131k olmamas\u0131, projeksiyon g\u00f6r\u00fcnt\u00fcs\u00fcn\u00fcn netli\u011fi a\u00e7\u0131s\u0131ndan \u00f6nemlidir.<\/p>\n<h4 data-start=\"1475\" data-end=\"1491\"><strong data-start=\"1480\" data-end=\"1489\">Ama\u00e7:<\/strong><\/h4>\n<p data-start=\"1492\" data-end=\"1715\">ProjexPlay, \u00e7ocuklar\u0131n refleks, el-g\u00f6z koordinasyonu ve problem \u00e7\u00f6zme becerilerini geli\u015ftirirken e\u011flenmelerini sa\u011flar. \u00c7ok \u00e7e\u015fitli oyunlarla her defas\u0131nda farkl\u0131 bir deneyim sunarak \u00e7ocuklar\u0131n ilgisini s\u00fcrekli taze tutar!<\/p>","protected":false},"excerpt":{"rendered":"<h3 data-start=\"45\" data-end=\"93\"><span style=\"color: #8765a0;\"><strong data-start=\"45\" data-end=\"91\">Hareketle \u015eekillenen E\u011flence!<\/strong><\/span><\/h3>\n<p data-start=\"1475\" data-end=\"1491\"><strong data-start=\"1480\" data-end=\"1489\">Ama\u00e7: <\/strong>ProjexPlay, \u00e7ocuklar\u0131n refleks, el-g\u00f6z koordinasyonu ve problem \u00e7\u00f6zme becerilerini geli\u015ftirirken e\u011flenmelerini sa\u011flar. \u00c7ok \u00e7e\u015fitli oyunlarla her defas\u0131nda farkl\u0131 bir deneyim sunarak \u00e7ocuklar\u0131n ilgisini s\u00fcrekli taze tutar!<\/p>","protected":false},"featured_media":2629,"comment_status":"open","ping_status":"closed","template":"","meta":{"_gspb_post_css":""},"product_brand":[226],"product_cat":[225],"product_tag":[294,266,293,292,291,271],"class_list":{"0":"post-2577","1":"product","2":"type-product","3":"status-publish","4":"has-post-thumbnail","6":"product_brand-creo-interactive","7":"product_cat-projeksiyon-ve-dijital-etkilesimli-oyunlar","8":"product_tag-etkilesimli-projeksiyon-oyunu","9":"product_tag-ic-mekan-oyun-alani","10":"product_tag-interaktif-projeksiyon-oyunu","11":"product_tag-projeksiyon-oyunu","12":"product_tag-softplay","13":"product_tag-top-havuzu-oyunlari","15":"first","16":"instock","17":"taxable","18":"shipping-taxable","19":"purchasable","20":"product-type-simple"},"_links":{"self":[{"href":"https:\/\/creo-interactive.com\/en\/wp-json\/wp\/v2\/product\/2577","targetHints":{"allow":["GET"]}}],"collection":[{"href":"https:\/\/creo-interactive.com\/en\/wp-json\/wp\/v2\/product"}],"about":[{"href":"https:\/\/creo-interactive.com\/en\/wp-json\/wp\/v2\/types\/product"}],"replies":[{"embeddable":true,"href":"https:\/\/creo-interactive.com\/en\/wp-json\/wp\/v2\/comments?post=2577"}],"wp:featuredmedia":[{"embeddable":true,"href":"https:\/\/creo-interactive.com\/en\/wp-json\/wp\/v2\/media\/2629"}],"wp:attachment":[{"href":"https:\/\/creo-interactive.com\/en\/wp-json\/wp\/v2\/media?parent=2577"}],"wp:term":[{"taxonomy":"product_brand","embeddable":true,"href":"https:\/\/creo-interactive.com\/en\/wp-json\/wp\/v2\/product_brand?post=2577"},{"taxonomy":"product_cat","embeddable":true,"href":"https:\/\/creo-interactive.com\/en\/wp-json\/wp\/v2\/product_cat?post=2577"},{"taxonomy":"product_tag","embeddable":true,"href":"https:\/\/creo-interactive.com\/en\/wp-json\/wp\/v2\/product_tag?post=2577"}],"curies":[{"name":"wp","href":"https:\/\/api.w.org\/{rel}","templated":true}]}}