{"id":2588,"date":"2025-03-04T09:02:35","date_gmt":"2025-03-04T09:02:35","guid":{"rendered":"https:\/\/creo-interactive.com\/?post_type=product&#038;p=2588"},"modified":"2025-10-07T10:28:19","modified_gmt":"2025-10-07T10:28:19","slug":"flash-frenzy-hand","status":"publish","type":"product","link":"https:\/\/creo-interactive.com\/en\/product\/flash-frenzy-hand\/","title":{"rendered":"Flash Frenzy (Hand)"},"content":{"rendered":"<h2 data-start=\"0\" data-end=\"29\"><span style=\"color: #8765a0;\"><strong data-start=\"4\" data-end=\"27\">Flash Frenzy (Hand) &#8211; <\/strong><strong data-start=\"30\" data-end=\"74\">Ellerin H\u0131z\u0131na G\u00fcven ve I\u015f\u0131klar\u0131 S\u00f6nd\u00fcr!<\/strong><\/span><\/h2>\n<p data-start=\"78\" data-end=\"288\"><strong data-start=\"78\" data-end=\"91\">A\u00e7\u0131klama:<\/strong><br data-start=\"91\" data-end=\"94\" \/><strong>Flash Frenzy (Hand)<\/strong>, oyuncular\u0131n yanan \u0131\u015f\u0131klara h\u0131zl\u0131ca dokunarak puan toplad\u0131\u011f\u0131, refleks geli\u015ftiren e\u011flenceli bir oyundur. H\u0131z, dikkat ve rekabet dolu bu oyun, oyun alan\u0131n\u0131za heyecan katacak!<\/p>\n<p data-start=\"78\" data-end=\"288\">NGo Lights<\/p>\n<hr data-start=\"290\" data-end=\"293\" \/>\n<p data-start=\"295\" data-end=\"316\"><strong data-start=\"295\" data-end=\"314\">\u00dcr\u00fcn Detaylar\u0131:<\/strong><\/p>\n<ul data-start=\"317\" data-end=\"865\">\n<li data-start=\"317\" data-end=\"470\">\n<p data-start=\"319\" data-end=\"470\"><strong data-start=\"319\" data-end=\"335\">Oyun Temas\u0131:<\/strong><br data-start=\"335\" data-end=\"338\" \/>Yanan \u0131\u015f\u0131klara m\u00fcmk\u00fcn olan en k\u0131sa s\u00fcrede dokunarak puan toplay\u0131n. Belirlenen s\u00fcre sonunda en y\u00fcksek skoru yapan oyuncu kazan\u0131r.<\/p>\n<\/li>\n<li data-start=\"472\" data-end=\"745\">\n<p data-start=\"474\" data-end=\"501\"><strong data-start=\"474\" data-end=\"499\">Interaktif Elemanlar:<\/strong><\/p>\n<ul data-start=\"504\" data-end=\"745\">\n<li data-start=\"504\" data-end=\"584\"><strong data-start=\"506\" data-end=\"530\">Dokunmatik Paneller:<\/strong> I\u015f\u0131k yand\u0131\u011f\u0131nda h\u0131zl\u0131 dokunu\u015flarla puan kazand\u0131r\u0131r.<\/li>\n<li data-start=\"587\" data-end=\"663\"><strong data-start=\"589\" data-end=\"605\">LED I\u015f\u0131klar:<\/strong> Renkli ve dinamik \u0131\u015f\u0131klar oyuna g\u00f6rsel bir \u015f\u00f6len katar.<\/li>\n<li data-start=\"666\" data-end=\"745\"><strong data-start=\"668\" data-end=\"686\">Ses Efektleri:<\/strong> Her do\u011fru dokunu\u015fta motive edici seslerle e\u011flence artar.<\/li>\n<\/ul>\n<\/li>\n<li data-start=\"747\" data-end=\"865\">\n<p data-start=\"749\" data-end=\"865\"><strong data-start=\"749\" data-end=\"758\">Ama\u00e7:<\/strong><br data-start=\"758\" data-end=\"761\" \/>Oyuncular, belirli s\u00fcre i\u00e7inde \u0131\u015f\u0131klar\u0131 en h\u0131zl\u0131 \u015fekilde kapatarak en y\u00fcksek puana ula\u015fmaya \u00e7al\u0131\u015f\u0131r.<\/p>\n<\/li>\n<\/ul>","protected":false},"excerpt":{"rendered":"<h3 data-start=\"0\" data-end=\"29\"><span style=\"color: #8765a0;\"><strong data-start=\"4\" data-end=\"27\">Flash Frenzy (Hand) &#8211; <\/strong><strong data-start=\"30\" data-end=\"74\">Ellerin H\u0131z\u0131na G\u00fcven ve I\u015f\u0131klar\u0131 S\u00f6nd\u00fcr!<\/strong><\/span><\/h3>\n<p><strong data-start=\"749\" data-end=\"758\">Ama\u00e7: Flash Frenzy (Hand) o<\/strong>yuncular, belirli s\u00fcre i\u00e7inde \u0131\u015f\u0131klar\u0131 en h\u0131zl\u0131 \u015fekilde kapatarak en y\u00fcksek puana ula\u015fmaya \u00e7al\u0131\u015f\u0131r. NGo Lights<\/p>\n<p><img loading=\"lazy\" decoding=\"async\" class=\"wp-image-1402 alignnone\" src=\"https:\/\/creo-interactive.com\/wp-content\/uploads\/2023\/12\/FlashFrenzy-Table-Challange-3-1024x787.png\" alt=\"\" width=\"174\" height=\"134\" srcset=\"https:\/\/creo-interactive.com\/wp-content\/uploads\/2023\/12\/FlashFrenzy-Table-Challange-3-1024x787.png 1024w, https:\/\/creo-interactive.com\/wp-content\/uploads\/2023\/12\/FlashFrenzy-Table-Challange-3-600x461.png 600w, https:\/\/creo-interactive.com\/wp-content\/uploads\/2023\/12\/FlashFrenzy-Table-Challange-3-300x231.png 300w, https:\/\/creo-interactive.com\/wp-content\/uploads\/2023\/12\/FlashFrenzy-Table-Challange-3-768x590.png 768w, https:\/\/creo-interactive.com\/wp-content\/uploads\/2023\/12\/FlashFrenzy-Table-Challange-3-1536x1180.png 1536w, https:\/\/creo-interactive.com\/wp-content\/uploads\/2023\/12\/FlashFrenzy-Table-Challange-3.png 1944w\" sizes=\"auto, (max-width: 174px) 100vw, 174px\" \/><img loading=\"lazy\" decoding=\"async\" class=\"alignnone wp-image-1302\" src=\"https:\/\/creo-interactive.com\/wp-content\/uploads\/2023\/12\/AuraNotes6-01.webp\" alt=\"\" width=\"149\" height=\"185\" srcset=\"https:\/\/creo-interactive.com\/wp-content\/uploads\/2023\/12\/AuraNotes6-01.webp 645w, https:\/\/creo-interactive.com\/wp-content\/uploads\/2023\/12\/AuraNotes6-01-600x744.webp 600w, https:\/\/creo-interactive.com\/wp-content\/uploads\/2023\/12\/AuraNotes6-01-242x300.webp 242w\" sizes=\"auto, (max-width: 149px) 100vw, 149px\" \/><\/p>","protected":false},"featured_media":2590,"comment_status":"open","ping_status":"closed","template":"","meta":{"_gspb_post_css":""},"product_brand":[226],"product_cat":[216],"product_tag":[257,248,258,259,256,310,260],"class_list":{"0":"post-2588","1":"product","2":"type-product","3":"status-publish","4":"has-post-thumbnail","6":"product_brand-creo-interactive","7":"product_cat-dokunmatik-ve-refleks-tabanli-oyunlar","8":"product_tag-etkilesimli-masa-oyunu","9":"product_tag-ic-mekan-oyunlar","10":"product_tag-interaktif-masa-oyunu","11":"product_tag-interaktif-oyun-ureticisi","12":"product_tag-masa-challange","13":"product_tag-ngo-lights","14":"product_tag-refleks-oyunu","16":"first","17":"instock","18":"featured","19":"taxable","20":"shipping-taxable","21":"purchasable","22":"product-type-simple"},"_links":{"self":[{"href":"https:\/\/creo-interactive.com\/en\/wp-json\/wp\/v2\/product\/2588","targetHints":{"allow":["GET"]}}],"collection":[{"href":"https:\/\/creo-interactive.com\/en\/wp-json\/wp\/v2\/product"}],"about":[{"href":"https:\/\/creo-interactive.com\/en\/wp-json\/wp\/v2\/types\/product"}],"replies":[{"embeddable":true,"href":"https:\/\/creo-interactive.com\/en\/wp-json\/wp\/v2\/comments?post=2588"}],"wp:featuredmedia":[{"embeddable":true,"href":"https:\/\/creo-interactive.com\/en\/wp-json\/wp\/v2\/media\/2590"}],"wp:attachment":[{"href":"https:\/\/creo-interactive.com\/en\/wp-json\/wp\/v2\/media?parent=2588"}],"wp:term":[{"taxonomy":"product_brand","embeddable":true,"href":"https:\/\/creo-interactive.com\/en\/wp-json\/wp\/v2\/product_brand?post=2588"},{"taxonomy":"product_cat","embeddable":true,"href":"https:\/\/creo-interactive.com\/en\/wp-json\/wp\/v2\/product_cat?post=2588"},{"taxonomy":"product_tag","embeddable":true,"href":"https:\/\/creo-interactive.com\/en\/wp-json\/wp\/v2\/product_tag?post=2588"}],"curies":[{"name":"wp","href":"https:\/\/api.w.org\/{rel}","templated":true}]}}