{"id":335,"date":"2025-01-28T12:35:11","date_gmt":"2025-01-28T12:35:11","guid":{"rendered":"https:\/\/startersites.io\/blocksy\/kiddy\/?post_type=product&#038;p=335"},"modified":"2025-09-17T20:10:09","modified_gmt":"2025-09-17T20:10:09","slug":"hammy-roll","status":"publish","type":"product","link":"https:\/\/creo-interactive.com\/en\/product\/hammy-roll\/","title":{"rendered":"Hammy Roll"},"content":{"rendered":"<h2 data-start=\"0\" data-end=\"45\"><span style=\"color: #008080;\"><strong data-start=\"47\" data-end=\"60\">HammyRoll &#8211; <\/strong>E\u011flencenin ve Dengenin Bulu\u015ftu\u011fu Nokta!<\/span><\/h2>\n<p data-start=\"47\" data-end=\"304\"><strong data-start=\"47\" data-end=\"60\">HammyRoll<\/strong>, tamamen yumu\u015fak izolasyonla kaplanm\u0131\u015f, \u00e7ocuklar\u0131n g\u00fcvenle oynayabilece\u011fi d\u00f6ner platform \u00fczerine kurulmu\u015f interaktif bir oyun sistemidir. \u00c7ocuklar, ortadaki silindire tutunarak platformu d\u00f6nd\u00fcr\u00fcr ve e\u011flenirken denge yeteneklerini geli\u015ftirir.<\/p>\n<h3 data-start=\"306\" data-end=\"327\"><strong data-start=\"310\" data-end=\"325\">Oyun Temas\u0131<\/strong><\/h3>\n<ul data-start=\"328\" data-end=\"496\">\n<li data-start=\"328\" data-end=\"496\">\u00c7ocuklar, d\u00f6nen platform \u00fczerinde dengesini kaybetmeden durmaya \u00e7al\u0131\u015f\u0131rken, ayn\u0131 zamanda fiziksel koordinasyonlar\u0131n\u0131 ve motor becerilerini geli\u015ftirme f\u0131rsat\u0131 bulur.<\/li>\n<\/ul>\n<h3 data-start=\"498\" data-end=\"528\"><strong data-start=\"502\" data-end=\"526\">Interaktif Elemanlar<\/strong><\/h3>\n<ul data-start=\"529\" data-end=\"821\">\n<li data-start=\"529\" data-end=\"631\"><strong data-start=\"531\" data-end=\"564\">Yumu\u015fak \u0130zolasyonlu Platform:<\/strong> G\u00fcvenli ve darbe emici tasar\u0131m\u0131yla her ya\u015ftan \u00e7ocu\u011fa hitap eder.<\/li>\n<li data-start=\"632\" data-end=\"730\"><strong data-start=\"634\" data-end=\"653\">D\u00f6ner Silindir:<\/strong> \u00c7ocuklar, silindiri tutarak platformu kendi enerjileriyle hareket ettirir.<\/li>\n<\/ul>\n<h3 data-start=\"823\" data-end=\"837\"><strong data-start=\"827\" data-end=\"835\">Ama\u00e7<\/strong><\/h3>\n<p data-start=\"838\" data-end=\"1014\" data-is-last-node=\"\" data-is-only-node=\"\">HammyRoll, \u00e7ocuklar\u0131n fiziksel aktivitelerini e\u011flenceli bir \u015fekilde yapmalar\u0131n\u0131 ve denge kabiliyetlerini geli\u015ftirmelerini sa\u011flar. Bu oyun, enerjik ve g\u00fcvenli bir deneyim sunar!<\/p>","protected":false},"excerpt":{"rendered":"<h3 data-start=\"0\" data-end=\"45\"><span style=\"color: #008080;\">E\u011flencenin ve Dengenin Bulu\u015ftu\u011fu Nokta!<\/span><\/h3>\n<p data-start=\"823\" data-end=\"837\"><strong data-start=\"827\" data-end=\"835\">Ama\u00e7: <\/strong>Hammy Roll, \u00e7ocuklar\u0131n fiziksel aktivitelerini e\u011flenceli bir \u015fekilde yapmalar\u0131n\u0131 ve denge kabiliyetlerini geli\u015ftirmelerini sa\u011flar. Bu oyun, enerjik ve g\u00fcvenli bir deneyim sunar!<\/p>\n<p data-start=\"838\" data-end=\"1014\" data-is-last-node=\"\" data-is-only-node=\"\">","protected":false},"featured_media":2602,"comment_status":"open","ping_status":"closed","template":"","meta":{"_gspb_post_css":""},"product_brand":[226],"product_cat":[219],"product_tag":[],"class_list":{"0":"post-335","1":"product","2":"type-product","3":"status-publish","4":"has-post-thumbnail","6":"product_brand-creo-interactive","7":"product_cat-hareket-ve-denge-tabanli-oyunlar","9":"first","10":"instock","11":"featured","12":"taxable","13":"shipping-taxable","14":"purchasable","15":"product-type-simple"},"_links":{"self":[{"href":"https:\/\/creo-interactive.com\/en\/wp-json\/wp\/v2\/product\/335","targetHints":{"allow":["GET"]}}],"collection":[{"href":"https:\/\/creo-interactive.com\/en\/wp-json\/wp\/v2\/product"}],"about":[{"href":"https:\/\/creo-interactive.com\/en\/wp-json\/wp\/v2\/types\/product"}],"replies":[{"embeddable":true,"href":"https:\/\/creo-interactive.com\/en\/wp-json\/wp\/v2\/comments?post=335"}],"wp:featuredmedia":[{"embeddable":true,"href":"https:\/\/creo-interactive.com\/en\/wp-json\/wp\/v2\/media\/2602"}],"wp:attachment":[{"href":"https:\/\/creo-interactive.com\/en\/wp-json\/wp\/v2\/media?parent=335"}],"wp:term":[{"taxonomy":"product_brand","embeddable":true,"href":"https:\/\/creo-interactive.com\/en\/wp-json\/wp\/v2\/product_brand?post=335"},{"taxonomy":"product_cat","embeddable":true,"href":"https:\/\/creo-interactive.com\/en\/wp-json\/wp\/v2\/product_cat?post=335"},{"taxonomy":"product_tag","embeddable":true,"href":"https:\/\/creo-interactive.com\/en\/wp-json\/wp\/v2\/product_tag?post=335"}],"curies":[{"name":"wp","href":"https:\/\/api.w.org\/{rel}","templated":true}]}}