{"id":337,"date":"2025-01-28T12:36:51","date_gmt":"2025-01-28T12:36:51","guid":{"rendered":"https:\/\/startersites.io\/blocksy\/kiddy\/?post_type=product&#038;p=337"},"modified":"2025-09-17T20:09:48","modified_gmt":"2025-09-17T20:09:48","slug":"wave-craze","status":"publish","type":"product","link":"https:\/\/creo-interactive.com\/en\/product\/wave-craze\/","title":{"rendered":"Wave Craze"},"content":{"rendered":"<h2 data-start=\"0\" data-end=\"20\"><span style=\"color: #008080;\"><strong data-start=\"4\" data-end=\"18\">Wave Craze &#8211; <\/strong><strong data-start=\"21\" data-end=\"64\">Dalga Hareketleriyle Dengenizi Koruyun!<\/strong><\/span><\/h2>\n<p data-start=\"68\" data-end=\"386\"><strong data-start=\"68\" data-end=\"81\">A\u00e7\u0131klama:<\/strong><br data-start=\"81\" data-end=\"84\" \/>Wave Craze, \u00e7ocuklar\u0131n dalga \u015feklinde hareket eden bir platform \u00fczerinde dengelerini sa\u011flamaya \u00e7al\u0131\u015ft\u0131klar\u0131 interaktif bir oyun sistemidir. Hem denge hem de koordinasyon becerilerini geli\u015ftiren bu e\u011flenceli oyun, su temal\u0131 g\u00f6rsel tasar\u0131m\u0131yla dikkat \u00e7eker ve oyun alan\u0131n\u0131za dinamik bir atmosfer katar.<\/p>\n<hr data-start=\"388\" data-end=\"391\" \/>\n<p data-start=\"393\" data-end=\"414\"><strong data-start=\"393\" data-end=\"412\">\u00dcr\u00fcn Detaylar\u0131:<\/strong><\/p>\n<ul data-start=\"415\" data-end=\"1100\">\n<li data-start=\"415\" data-end=\"613\">\n<p data-start=\"417\" data-end=\"613\"><strong data-start=\"417\" data-end=\"433\">Oyun Temas\u0131:<\/strong><br data-start=\"433\" data-end=\"436\" \/>\u00c7ocuklar, platform \u00fczerindeki dalgal\u0131 hareketlere uyum sa\u011flayarak dengede durmaya \u00e7al\u0131\u015f\u0131r. Ama\u00e7, platformun hareketine ayak uydurup dengelerini kaybetmeden oyunda kalmakt\u0131r.<\/p>\n<\/li>\n<li data-start=\"615\" data-end=\"941\">\n<p data-start=\"617\" data-end=\"644\"><strong data-start=\"617\" data-end=\"642\">Interaktif Elemanlar:<\/strong><\/p>\n<ul data-start=\"647\" data-end=\"941\">\n<li data-start=\"647\" data-end=\"762\"><strong data-start=\"649\" data-end=\"669\">Dalga Platformu:<\/strong> \u00c7ocuklar\u0131n \u00fczerinde dengede durmaya \u00e7al\u0131\u015ft\u0131\u011f\u0131, dalga hareketi sa\u011flayan g\u00fcvenli bir sistem.<\/li>\n<li data-start=\"765\" data-end=\"830\"><strong data-start=\"767\" data-end=\"785\">Canl\u0131 Renkler:<\/strong> E\u011flenceli ve \u00e7ekici g\u00f6rsel tasar\u0131ma sahip.<\/li>\n<li data-start=\"833\" data-end=\"941\"><strong data-start=\"835\" data-end=\"856\">Hafif Sal\u0131n\u0131mlar:<\/strong> \u00c7ocuklar\u0131n reflekslerini ve denge kabiliyetlerini test eden sabit dalgal\u0131 hareket.<\/li>\n<\/ul>\n<\/li>\n<li data-start=\"943\" data-end=\"1100\">\n<p data-start=\"945\" data-end=\"1100\"><strong data-start=\"945\" data-end=\"954\">Ama\u00e7:<\/strong><br data-start=\"954\" data-end=\"957\" \/>\u00c7ocuklar\u0131n dalgal\u0131 platform \u00fczerinde dengede durarak fiziksel becerilerini geli\u015ftirmelerini ve e\u011flenceli bir deneyim ya\u015famalar\u0131n\u0131 sa\u011flamak.<\/p>\n<\/li>\n<\/ul>\n<p data-start=\"1102\" data-end=\"1212\">Wave Craze, oyun alanlar\u0131n\u0131z i\u00e7in hem g\u00f6rsel hem de fiziksel aktiviteyi art\u0131ran m\u00fckemmel bir oyun \u00e7\u00f6z\u00fcm\u00fcd\u00fcr!<\/p>","protected":false},"excerpt":{"rendered":"<h3 data-start=\"0\" data-end=\"20\"><span style=\"color: #008080;\"><strong data-start=\"21\" data-end=\"64\">Dalga Hareketleriyle Dengenizi Koruyun!<\/strong><\/span><\/h3>\n<p data-start=\"945\" data-end=\"1100\"><strong data-start=\"945\" data-end=\"954\">Ama\u00e7: <\/strong>\u00c7ocuklar\u0131n dalgal\u0131 platform \u00fczerinde dengede durarak fiziksel becerilerini geli\u015ftirmelerini ve e\u011flenceli bir deneyim ya\u015famalar\u0131n\u0131 sa\u011flamak.<\/p>\n<p data-start=\"1102\" data-end=\"1212\">Wave Craze, oyun alanlar\u0131n\u0131z i\u00e7in hem g\u00f6rsel hem de fiziksel aktiviteyi art\u0131ran m\u00fckemmel bir oyun \u00e7\u00f6z\u00fcm\u00fcd\u00fcr!<\/p>","protected":false},"featured_media":2606,"comment_status":"open","ping_status":"closed","template":"","meta":{"_gspb_post_css":""},"product_brand":[226],"product_cat":[219],"product_tag":[],"class_list":{"0":"post-337","1":"product","2":"type-product","3":"status-publish","4":"has-post-thumbnail","6":"product_brand-creo-interactive","7":"product_cat-hareket-ve-denge-tabanli-oyunlar","9":"first","10":"instock","11":"taxable","12":"shipping-taxable","13":"purchasable","14":"product-type-simple"},"_links":{"self":[{"href":"https:\/\/creo-interactive.com\/en\/wp-json\/wp\/v2\/product\/337","targetHints":{"allow":["GET"]}}],"collection":[{"href":"https:\/\/creo-interactive.com\/en\/wp-json\/wp\/v2\/product"}],"about":[{"href":"https:\/\/creo-interactive.com\/en\/wp-json\/wp\/v2\/types\/product"}],"replies":[{"embeddable":true,"href":"https:\/\/creo-interactive.com\/en\/wp-json\/wp\/v2\/comments?post=337"}],"wp:featuredmedia":[{"embeddable":true,"href":"https:\/\/creo-interactive.com\/en\/wp-json\/wp\/v2\/media\/2606"}],"wp:attachment":[{"href":"https:\/\/creo-interactive.com\/en\/wp-json\/wp\/v2\/media?parent=337"}],"wp:term":[{"taxonomy":"product_brand","embeddable":true,"href":"https:\/\/creo-interactive.com\/en\/wp-json\/wp\/v2\/product_brand?post=337"},{"taxonomy":"product_cat","embeddable":true,"href":"https:\/\/creo-interactive.com\/en\/wp-json\/wp\/v2\/product_cat?post=337"},{"taxonomy":"product_tag","embeddable":true,"href":"https:\/\/creo-interactive.com\/en\/wp-json\/wp\/v2\/product_tag?post=337"}],"curies":[{"name":"wp","href":"https:\/\/api.w.org\/{rel}","templated":true}]}}