{"id":339,"date":"2025-01-28T12:38:33","date_gmt":"2025-01-28T12:38:33","guid":{"rendered":"https:\/\/startersites.io\/blocksy\/kiddy\/?post_type=product&#038;p=339"},"modified":"2025-09-17T20:09:26","modified_gmt":"2025-09-17T20:09:26","slug":"hamster-wheel","status":"publish","type":"product","link":"https:\/\/creo-interactive.com\/en\/product\/hamster-wheel\/","title":{"rendered":"Hamster Wheel"},"content":{"rendered":"<h2 data-start=\"0\" data-end=\"23\"><span style=\"color: #008080;\"><strong data-start=\"4\" data-end=\"21\">Hamster Wheel &#8211; <\/strong><strong data-start=\"24\" data-end=\"60\">D\u00f6nerken E\u011flen, Enerjini Ke\u015ffet!<\/strong><\/span><\/h2>\n<p data-start=\"64\" data-end=\"417\"><strong data-start=\"64\" data-end=\"77\">A\u00e7\u0131klama:<\/strong><br data-start=\"77\" data-end=\"80\" \/>Hamster Wheel, \u00e7ocuklar\u0131n t\u0131pk\u0131 bir hamster gibi b\u00fcy\u00fck bir tekerlek i\u00e7inde ko\u015farak hem e\u011flendi\u011fi hem de enerjilerini harcad\u0131\u011f\u0131 interaktif bir oyun sistemidir. \u00c7ocuklar\u0131n fiziksel aktivitelerini art\u0131r\u0131rken denge ve koordinasyon becerilerini geli\u015ftirmelerine de olanak tan\u0131r. E\u011flence dolu bu tekerlek, oyun alanlar\u0131n\u0131z\u0131n favorisi olacak!<\/p>\n<hr data-start=\"419\" data-end=\"422\" \/>\n<p data-start=\"424\" data-end=\"445\"><strong data-start=\"424\" data-end=\"443\">\u00dcr\u00fcn Detaylar\u0131:<\/strong><\/p>\n<ul data-start=\"446\" data-end=\"1066\">\n<li data-start=\"446\" data-end=\"616\">\n<p data-start=\"448\" data-end=\"616\"><strong data-start=\"448\" data-end=\"464\">Oyun Temas\u0131:<\/strong><br data-start=\"464\" data-end=\"467\" \/>\u00c7ocuklar, tekerlek i\u00e7inde ko\u015farak veya y\u00fcr\u00fcyerek tekerle\u011fi d\u00f6nd\u00fcr\u00fcr. Ama\u00e7, tekerle\u011fi m\u00fcmk\u00fcn oldu\u011funca uzun s\u00fcre ve h\u0131zl\u0131 bir \u015fekilde \u00e7evirmektir.<\/p>\n<\/li>\n<li data-start=\"618\" data-end=\"920\">\n<p data-start=\"620\" data-end=\"647\"><strong data-start=\"620\" data-end=\"645\">Interaktif Elemanlar:<\/strong><\/p>\n<ul data-start=\"650\" data-end=\"920\">\n<li data-start=\"650\" data-end=\"758\"><strong data-start=\"652\" data-end=\"671\">D\u00f6nen Tekerlek:<\/strong> G\u00fcvenli ve dayan\u0131kl\u0131 yap\u0131s\u0131yla \u00e7ocuklar\u0131n rahat\u00e7a ko\u015fabilece\u011fi geni\u015f bir alan sunar.<\/li>\n<li data-start=\"761\" data-end=\"838\"><strong data-start=\"763\" data-end=\"782\">Renkli Tasar\u0131m:<\/strong> \u00c7ocuklar\u0131n ilgisini \u00e7eken e\u011flenceli ve canl\u0131 renkler.<\/li>\n<li data-start=\"841\" data-end=\"920\"><strong data-start=\"843\" data-end=\"864\">Sessiz Mekanizma:<\/strong> Tekerlek d\u00f6nerken sessiz ve ak\u0131c\u0131 bir deneyim sa\u011flar.<\/li>\n<\/ul>\n<\/li>\n<li data-start=\"922\" data-end=\"1066\">\n<p data-start=\"924\" data-end=\"1066\"><strong data-start=\"924\" data-end=\"933\">Ama\u00e7:<\/strong><br data-start=\"933\" data-end=\"936\" \/>\u00c7ocuklar\u0131n fiziksel aktivite yaparak enerjilerini harcamalar\u0131n\u0131, denge ve koordinasyon becerilerini geli\u015ftirmelerini sa\u011flamak.<\/p>\n<\/li>\n<\/ul>\n<p data-start=\"1068\" data-end=\"1146\">Hamster Wheel, hareketi e\u011flenceye d\u00f6n\u00fc\u015ft\u00fcren harika bir oyun deneyimi sunar!<\/p>","protected":false},"excerpt":{"rendered":"<h3 data-start=\"0\" data-end=\"23\"><span style=\"color: #008080;\"><strong data-start=\"24\" data-end=\"60\">D\u00f6nerken E\u011flen, Enerjini Ke\u015ffet!<\/strong><\/span><\/h3>\n<p data-start=\"924\" data-end=\"1066\"><strong data-start=\"924\" data-end=\"933\">Ama\u00e7: <\/strong>\u00c7ocuklar\u0131n fiziksel aktivite yaparak enerjilerini harcamalar\u0131n\u0131, denge ve koordinasyon becerilerini geli\u015ftirmelerini sa\u011flamak.<\/p>\n<p data-start=\"1068\" data-end=\"1146\">Hamster Wheel, hareketi e\u011flenceye d\u00f6n\u00fc\u015ft\u00fcren harika bir oyun deneyimi sunar!<\/p>","protected":false},"featured_media":2603,"comment_status":"open","ping_status":"closed","template":"","meta":{"_gspb_post_css":""},"product_brand":[226],"product_cat":[219],"product_tag":[],"class_list":{"0":"post-339","1":"product","2":"type-product","3":"status-publish","4":"has-post-thumbnail","6":"product_brand-creo-interactive","7":"product_cat-hareket-ve-denge-tabanli-oyunlar","9":"first","10":"instock","11":"featured","12":"taxable","13":"shipping-taxable","14":"purchasable","15":"product-type-simple"},"_links":{"self":[{"href":"https:\/\/creo-interactive.com\/en\/wp-json\/wp\/v2\/product\/339","targetHints":{"allow":["GET"]}}],"collection":[{"href":"https:\/\/creo-interactive.com\/en\/wp-json\/wp\/v2\/product"}],"about":[{"href":"https:\/\/creo-interactive.com\/en\/wp-json\/wp\/v2\/types\/product"}],"replies":[{"embeddable":true,"href":"https:\/\/creo-interactive.com\/en\/wp-json\/wp\/v2\/comments?post=339"}],"wp:featuredmedia":[{"embeddable":true,"href":"https:\/\/creo-interactive.com\/en\/wp-json\/wp\/v2\/media\/2603"}],"wp:attachment":[{"href":"https:\/\/creo-interactive.com\/en\/wp-json\/wp\/v2\/media?parent=339"}],"wp:term":[{"taxonomy":"product_brand","embeddable":true,"href":"https:\/\/creo-interactive.com\/en\/wp-json\/wp\/v2\/product_brand?post=339"},{"taxonomy":"product_cat","embeddable":true,"href":"https:\/\/creo-interactive.com\/en\/wp-json\/wp\/v2\/product_cat?post=339"},{"taxonomy":"product_tag","embeddable":true,"href":"https:\/\/creo-interactive.com\/en\/wp-json\/wp\/v2\/product_tag?post=339"}],"curies":[{"name":"wp","href":"https:\/\/api.w.org\/{rel}","templated":true}]}}