{"id":347,"date":"2025-01-28T12:51:48","date_gmt":"2025-01-28T12:51:48","guid":{"rendered":"https:\/\/startersites.io\/blocksy\/kiddy\/?post_type=product&#038;p=347"},"modified":"2025-09-17T20:07:49","modified_gmt":"2025-09-17T20:07:49","slug":"aura-notes","status":"publish","type":"product","link":"https:\/\/creo-interactive.com\/en\/product\/aura-notes\/","title":{"rendered":"Aura Notes"},"content":{"rendered":"<h2 data-start=\"0\" data-end=\"19\"><span style=\"color: #8765a0;\"><strong data-start=\"4\" data-end=\"17\">Aura Notes &#8211; <\/strong><strong data-start=\"20\" data-end=\"77\">M\u00fczi\u011fin ve I\u015f\u0131\u011f\u0131n B\u00fcy\u00fcl\u00fc Uyumu ile E\u015fsiz Bir E\u011flence!<\/strong><\/span><\/h2>\n<p data-start=\"81\" data-end=\"397\"><strong data-start=\"81\" data-end=\"94\">A\u00e7\u0131klama:<\/strong><br data-start=\"94\" data-end=\"97\" \/>AuraNotes, \u00e7ocuklar\u0131n ve ailelerin m\u00fczik e\u015fli\u011finde e\u011flenirken dokunmatik zeminlerle etkile\u015fime ge\u00e7ti\u011fi bir interaktif oyun sistemidir. Renkli \u0131\u015f\u0131klar ve melodiler e\u015fli\u011finde, kullan\u0131c\u0131lar unutulmaz bir deneyim ya\u015far. Bu \u00fcr\u00fcn, mekan\u0131n\u0131za hem g\u00f6rsel bir \u015f\u00f6len hem de e\u011flenceli bir aktivite katacakt\u0131r.<\/p>\n<hr data-start=\"399\" data-end=\"402\" \/>\n<p data-start=\"404\" data-end=\"425\"><strong data-start=\"404\" data-end=\"423\">\u00dcr\u00fcn Detaylar\u0131:<\/strong><\/p>\n<ul data-start=\"426\" data-end=\"1173\">\n<li data-start=\"426\" data-end=\"668\">\n<p data-start=\"428\" data-end=\"668\"><strong data-start=\"428\" data-end=\"444\">Oyun Temas\u0131:<\/strong><br data-start=\"444\" data-end=\"447\" \/>AuraNotes, oyuncular\u0131n d\u00f6ner platform \u00fczerinde hareket ederek belirli notalara dokunmas\u0131n\u0131 gerektiren bir oyun konsepti sunar. Her do\u011fru dokunu\u015f, renkli \u0131\u015f\u0131klar\u0131n yanmas\u0131 ve m\u00fczikal tonlar\u0131n \u00e7almas\u0131yla \u00f6d\u00fcllendirilir.<\/p>\n<\/li>\n<li data-start=\"670\" data-end=\"1012\">\n<p data-start=\"672\" data-end=\"699\"><strong data-start=\"672\" data-end=\"697\">Interaktif Elemanlar:<\/strong><\/p>\n<ul data-start=\"702\" data-end=\"1012\">\n<li data-start=\"702\" data-end=\"788\"><strong data-start=\"704\" data-end=\"728\">Dokunmatik Zeminler:<\/strong> Oyuncular\u0131n ad\u0131mlar\u0131na tepki veren \u00f6zel sens\u00f6rl\u00fc alanlar.<\/li>\n<li data-start=\"791\" data-end=\"888\"><strong data-start=\"793\" data-end=\"809\">LED I\u015f\u0131klar:<\/strong> Her ba\u015far\u0131l\u0131 dokunu\u015fta farkl\u0131 renklerle ayd\u0131nlanarak oyuncular\u0131 motive eder.<\/li>\n<li data-start=\"891\" data-end=\"1012\"><strong data-start=\"893\" data-end=\"920\">M\u00fczik ve Ses Efektleri:<\/strong> Her ad\u0131m bir melodi olu\u015fturur, oyuncular hem oyun oynar hem de kendi m\u00fcziklerini yarat\u0131r.<\/li>\n<\/ul>\n<\/li>\n<li data-start=\"1014\" data-end=\"1173\">\n<p data-start=\"1016\" data-end=\"1173\"><strong data-start=\"1016\" data-end=\"1025\">Ama\u00e7:<\/strong><br data-start=\"1025\" data-end=\"1028\" \/>Oyuncular, do\u011fru ad\u0131mlar\u0131 takip ederek melodiyi tamamlamaya \u00e7al\u0131\u015f\u0131r. Hem bireysel hem de tak\u0131m oyunlar\u0131nda e\u011flenceyi en \u00fcst seviyeye \u00e7\u0131kar\u0131r.<\/p>\n<\/li>\n<\/ul>\n<p data-start=\"1175\" data-end=\"1308\">AuraNotes, oyun alanlar\u0131n\u0131zda m\u00fczi\u011fi ve e\u011flenceyi birle\u015ftirerek \u00e7ocuklar\u0131n hayal d\u00fcnyas\u0131n\u0131 geni\u015fletirken mekan\u0131n\u0131za de\u011fer katar! \ud83c\udfb5<\/p>","protected":false},"excerpt":{"rendered":"<h3 data-start=\"0\" data-end=\"19\"><span style=\"color: #8765a0;\"><strong data-start=\"20\" data-end=\"77\">M\u00fczi\u011fin ve I\u015f\u0131\u011f\u0131n B\u00fcy\u00fcl\u00fc Uyumu ile E\u015fsiz Bir E\u011flence!<\/strong><\/span><\/h3>\n<p data-start=\"1016\" data-end=\"1173\"><strong data-start=\"1016\" data-end=\"1025\">Ama\u00e7: <\/strong>Oyuncular, do\u011fru ad\u0131mlar\u0131 takip ederek melodiyi tamamlamaya \u00e7al\u0131\u015f\u0131r. Hem bireysel hem de tak\u0131m oyunlar\u0131nda e\u011flenceyi en \u00fcst seviyeye \u00e7\u0131kar\u0131r.<\/p>\n<p data-start=\"1175\" data-end=\"1308\">Aura Notes, oyun alanlar\u0131n\u0131zda m\u00fczi\u011fi ve e\u011flenceyi birle\u015ftirerek \u00e7ocuklar\u0131n hayal d\u00fcnyas\u0131n\u0131 geni\u015fletirken mekan\u0131n\u0131za de\u011fer katar! \ud83c\udfb5<\/p>","protected":false},"featured_media":2626,"comment_status":"open","ping_status":"closed","template":"","meta":{"_gspb_post_css":""},"product_brand":[226],"product_cat":[206],"product_tag":[],"class_list":{"0":"post-347","1":"product","2":"type-product","3":"status-publish","4":"has-post-thumbnail","6":"product_brand-creo-interactive","7":"product_cat-piyano-ve-muzik-tabanli-oyunlar","9":"first","10":"instock","11":"featured","12":"taxable","13":"shipping-taxable","14":"purchasable","15":"product-type-simple"},"_links":{"self":[{"href":"https:\/\/creo-interactive.com\/en\/wp-json\/wp\/v2\/product\/347","targetHints":{"allow":["GET"]}}],"collection":[{"href":"https:\/\/creo-interactive.com\/en\/wp-json\/wp\/v2\/product"}],"about":[{"href":"https:\/\/creo-interactive.com\/en\/wp-json\/wp\/v2\/types\/product"}],"replies":[{"embeddable":true,"href":"https:\/\/creo-interactive.com\/en\/wp-json\/wp\/v2\/comments?post=347"}],"wp:featuredmedia":[{"embeddable":true,"href":"https:\/\/creo-interactive.com\/en\/wp-json\/wp\/v2\/media\/2626"}],"wp:attachment":[{"href":"https:\/\/creo-interactive.com\/en\/wp-json\/wp\/v2\/media?parent=347"}],"wp:term":[{"taxonomy":"product_brand","embeddable":true,"href":"https:\/\/creo-interactive.com\/en\/wp-json\/wp\/v2\/product_brand?post=347"},{"taxonomy":"product_cat","embeddable":true,"href":"https:\/\/creo-interactive.com\/en\/wp-json\/wp\/v2\/product_cat?post=347"},{"taxonomy":"product_tag","embeddable":true,"href":"https:\/\/creo-interactive.com\/en\/wp-json\/wp\/v2\/product_tag?post=347"}],"curies":[{"name":"wp","href":"https:\/\/api.w.org\/{rel}","templated":true}]}}