{"id":356,"date":"2025-01-28T13:10:06","date_gmt":"2025-01-28T13:10:06","guid":{"rendered":"https:\/\/startersites.io\/blocksy\/kiddy\/?post_type=product&#038;p=356"},"modified":"2025-09-17T20:06:17","modified_gmt":"2025-09-17T20:06:17","slug":"flash-frenzy-foot","status":"publish","type":"product","link":"https:\/\/creo-interactive.com\/en\/product\/flash-frenzy-foot\/","title":{"rendered":"Flash Frenzy (Foot)"},"content":{"rendered":"<h2 data-start=\"872\" data-end=\"901\"><span style=\"color: #8765a0;\"><strong data-start=\"876\" data-end=\"899\">Flash Frenzy (Foot) &#8211; <\/strong><strong data-start=\"902\" data-end=\"946\">Ad\u0131mlar\u0131nla I\u015f\u0131klara H\u00fckmet ve Lider Ol!<\/strong><\/span><\/h2>\n<p data-start=\"950\" data-end=\"1161\"><strong data-start=\"950\" data-end=\"963\">A\u00e7\u0131klama:<\/strong><br data-start=\"963\" data-end=\"966\" \/><strong>Flash Frenzy (Foot)<\/strong>, oyuncular\u0131n yanan \u0131\u015f\u0131klara ayaklar\u0131yla basarak puan toplad\u0131\u011f\u0131 enerjik bir oyundur. Hareket ve e\u011flenceyi birle\u015ftiren bu oyun, oyun alanlar\u0131nda vazge\u00e7ilmez bir deneyim sunar!<\/p>\n<hr data-start=\"1163\" data-end=\"1166\" \/>\n<p data-start=\"1168\" data-end=\"1189\"><strong data-start=\"1168\" data-end=\"1187\">\u00dcr\u00fcn Detaylar\u0131:<\/strong><\/p>\n<ul data-start=\"1190\" data-end=\"1720\">\n<li data-start=\"1190\" data-end=\"1358\">\n<p data-start=\"1192\" data-end=\"1358\"><strong data-start=\"1192\" data-end=\"1208\">Oyun Temas\u0131:<\/strong><br data-start=\"1208\" data-end=\"1211\" \/>Yanan \u0131\u015f\u0131klara ayakla basarak puan toplay\u0131n ve en y\u00fcksek skoru yapmaya \u00e7al\u0131\u015f\u0131n. Rekabet dolu bu oyunda, en h\u0131zl\u0131 ve en dikkatli oyuncu kazan\u0131r.<\/p>\n<\/li>\n<li data-start=\"1360\" data-end=\"1619\">\n<p data-start=\"1362\" data-end=\"1389\"><strong data-start=\"1362\" data-end=\"1387\">Interaktif Elemanlar:<\/strong><\/p>\n<ul data-start=\"1392\" data-end=\"1619\">\n<li data-start=\"1392\" data-end=\"1462\"><strong data-start=\"1394\" data-end=\"1418\">Dokunmatik Paneller:<\/strong> Ayakla temas edildi\u011finde puan kazand\u0131r\u0131r.<\/li>\n<li data-start=\"1465\" data-end=\"1535\"><strong data-start=\"1467\" data-end=\"1483\">LED I\u015f\u0131klar:<\/strong> Dinamik \u0131\u015f\u0131k efektleriyle oyuncular\u0131 motive eder.<\/li>\n<li data-start=\"1538\" data-end=\"1619\"><strong data-start=\"1540\" data-end=\"1565\">Zaman ve Skor Panosu:<\/strong> Oyuncular\u0131n anl\u0131k skorunu ve kalan s\u00fcreyi g\u00f6sterir.<\/li>\n<\/ul>\n<\/li>\n<li data-start=\"1621\" data-end=\"1720\">\n<p data-start=\"1623\" data-end=\"1720\"><strong data-start=\"1623\" data-end=\"1632\">Ama\u00e7:<\/strong><br data-start=\"1632\" data-end=\"1635\" \/>I\u015f\u0131klar\u0131 h\u0131zla kapatarak en y\u00fcksek skoru elde etmek ve rakipleri geride b\u0131rakmak.<\/p>\n<\/li>\n<\/ul>\n<p>&nbsp;<\/p>","protected":false},"excerpt":{"rendered":"<h3 data-start=\"872\" data-end=\"901\"><span style=\"color: #8765a0;\"><strong data-start=\"902\" data-end=\"946\">Flash Frenzy (Foot) Ad\u0131mlar\u0131nla I\u015f\u0131klara H\u00fckmet ve Lider Ol!<\/strong><\/span><\/h3>\n<p><strong data-start=\"1623\" data-end=\"1632\">Ama\u00e7: Flash Frenzy (Foot) <\/strong>I\u015f\u0131klar\u0131 h\u0131zla kapatarak en y\u00fcksek skoru elde etmek ve rakipleri geride b\u0131rakmak.<\/p>\n<p><img loading=\"lazy\" decoding=\"async\" class=\"wp-image-1402 alignnone\" src=\"https:\/\/creo-interactive.com\/wp-content\/uploads\/2023\/12\/FlashFrenzy-Table-Challange-3-1024x787.png\" alt=\"\" width=\"174\" height=\"134\" srcset=\"https:\/\/creo-interactive.com\/wp-content\/uploads\/2023\/12\/FlashFrenzy-Table-Challange-3-1024x787.png 1024w, https:\/\/creo-interactive.com\/wp-content\/uploads\/2023\/12\/FlashFrenzy-Table-Challange-3-600x461.png 600w, https:\/\/creo-interactive.com\/wp-content\/uploads\/2023\/12\/FlashFrenzy-Table-Challange-3-300x231.png 300w, https:\/\/creo-interactive.com\/wp-content\/uploads\/2023\/12\/FlashFrenzy-Table-Challange-3-768x590.png 768w, https:\/\/creo-interactive.com\/wp-content\/uploads\/2023\/12\/FlashFrenzy-Table-Challange-3-1536x1180.png 1536w, https:\/\/creo-interactive.com\/wp-content\/uploads\/2023\/12\/FlashFrenzy-Table-Challange-3.png 1944w\" sizes=\"auto, (max-width: 174px) 100vw, 174px\" \/><img loading=\"lazy\" decoding=\"async\" class=\"alignnone wp-image-1302\" src=\"https:\/\/creo-interactive.com\/wp-content\/uploads\/2023\/12\/AuraNotes6-01.webp\" alt=\"\" width=\"149\" height=\"185\" srcset=\"https:\/\/creo-interactive.com\/wp-content\/uploads\/2023\/12\/AuraNotes6-01.webp 645w, https:\/\/creo-interactive.com\/wp-content\/uploads\/2023\/12\/AuraNotes6-01-600x744.webp 600w, https:\/\/creo-interactive.com\/wp-content\/uploads\/2023\/12\/AuraNotes6-01-242x300.webp 242w\" sizes=\"auto, (max-width: 149px) 100vw, 149px\" \/><\/p>","protected":false},"featured_media":2589,"comment_status":"open","ping_status":"closed","template":"","meta":{"_gspb_post_css":""},"product_brand":[226],"product_cat":[216],"product_tag":[254,253,248,252,255],"class_list":{"0":"post-356","1":"product","2":"type-product","3":"status-publish","4":"has-post-thumbnail","6":"product_brand-creo-interactive","7":"product_cat-dokunmatik-ve-refleks-tabanli-oyunlar","8":"product_tag-el-goz-koordinasyonu","9":"product_tag-etkilesimli-oyunlar","10":"product_tag-ic-mekan-oyunlar","11":"product_tag-interaktif-oyunlar","12":"product_tag-reflex-oyunlari","14":"first","15":"instock","16":"featured","17":"taxable","18":"shipping-taxable","19":"purchasable","20":"product-type-simple"},"_links":{"self":[{"href":"https:\/\/creo-interactive.com\/en\/wp-json\/wp\/v2\/product\/356","targetHints":{"allow":["GET"]}}],"collection":[{"href":"https:\/\/creo-interactive.com\/en\/wp-json\/wp\/v2\/product"}],"about":[{"href":"https:\/\/creo-interactive.com\/en\/wp-json\/wp\/v2\/types\/product"}],"replies":[{"embeddable":true,"href":"https:\/\/creo-interactive.com\/en\/wp-json\/wp\/v2\/comments?post=356"}],"wp:featuredmedia":[{"embeddable":true,"href":"https:\/\/creo-interactive.com\/en\/wp-json\/wp\/v2\/media\/2589"}],"wp:attachment":[{"href":"https:\/\/creo-interactive.com\/en\/wp-json\/wp\/v2\/media?parent=356"}],"wp:term":[{"taxonomy":"product_brand","embeddable":true,"href":"https:\/\/creo-interactive.com\/en\/wp-json\/wp\/v2\/product_brand?post=356"},{"taxonomy":"product_cat","embeddable":true,"href":"https:\/\/creo-interactive.com\/en\/wp-json\/wp\/v2\/product_cat?post=356"},{"taxonomy":"product_tag","embeddable":true,"href":"https:\/\/creo-interactive.com\/en\/wp-json\/wp\/v2\/product_tag?post=356"}],"curies":[{"name":"wp","href":"https:\/\/api.w.org\/{rel}","templated":true}]}}