{"id":358,"date":"2025-01-28T13:15:38","date_gmt":"2025-01-28T13:15:38","guid":{"rendered":"https:\/\/startersites.io\/blocksy\/kiddy\/?post_type=product&#038;p=358"},"modified":"2025-09-17T20:05:55","modified_gmt":"2025-09-17T20:05:55","slug":"twinglow-arena","status":"publish","type":"product","link":"https:\/\/creo-interactive.com\/en\/product\/twinglow-arena\/","title":{"rendered":"TwinGlow Arena"},"content":{"rendered":"<h2 data-start=\"36\" data-end=\"103\"><span style=\"color: #8765a0;\">TwinGlow Arena \u2013 E\u011flencenin ve Rekabetin \u00c7ift I\u015f\u0131\u011f\u0131<\/span><\/h2>\n<p data-start=\"36\" data-end=\"103\">TwinGlow Arena, \u00e7ocuklar\u0131n hem trambolin parklar\u0131nda hem de top havuzlar\u0131nda e\u011flenceli bir rekabet deneyimi ya\u015fayabilece\u011fi interaktif bir oyundur. Renkli LED \u0131\u015f\u0131klar ve refleks testiyle, \u00e7ocuklar enerjilerini serbest b\u0131rak\u0131rken koordinasyon ve dikkat becerilerini de geli\u015ftirirler. Her ya\u015f grubuna hitap eden bu yenilik\u00e7i oyun, mek\u00e2n\u0131n\u0131za hareket ve heyecan katacak!<\/p>\n<p data-start=\"496\" data-end=\"511\"><strong data-start=\"496\" data-end=\"509\">Detaylar:<\/strong><\/p>\n<ul>\n<li data-start=\"496\" data-end=\"511\"><strong data-start=\"0\" data-end=\"16\" data-is-only-node=\"\">Oyun Temas\u0131:<\/strong><br data-start=\"16\" data-end=\"19\" \/><strong data-start=\"19\" data-end=\"37\">TwinGlow Arena<\/strong>, oyuncular\u0131n dikkat, h\u0131z ve refleks becerilerini e\u011flenceli bir ortamda test etmeleri i\u00e7in tasarlanm\u0131\u015f \u00e7ift platformlu bir oyundur. Trambolin parklar\u0131nda ve top havuzlar\u0131nda kullan\u0131labilen bu oyun, renkli LED \u0131\u015f\u0131klar ile g\u00f6rsel bir \u015f\u00f6len sunar. Rastgele yanan \u0131\u015f\u0131klar\u0131 h\u0131zl\u0131 bir \u015fekilde s\u00f6nd\u00fcrmeye \u00e7al\u0131\u015fan oyuncular, her do\u011fru dokunu\u015flar\u0131nda puan toplar ve rekabetin tad\u0131n\u0131 \u00e7\u0131kar\u0131r. Dinamik yap\u0131s\u0131 sayesinde her oyun, yeni bir m\u00fccadele ve heyecan getirir. TwinGlow Arena, tak\u0131m oyunlar\u0131n\u0131 te\u015fvik ederek sosyal becerileri geli\u015ftirirken bireysel oyun modlar\u0131yla ki\u015fisel ba\u015far\u0131y\u0131 \u00f6d\u00fcllendirir.<\/li>\n<li data-start=\"512\" data-end=\"796\">\n<p data-start=\"514\" data-end=\"541\"><strong data-start=\"514\" data-end=\"539\">\u0130nteraktif Elemanlar:<\/strong><\/p>\n<ul data-start=\"544\" data-end=\"796\">\n<li data-start=\"544\" data-end=\"627\">LED I\u015f\u0131klar: Rastgele yanan \u0131\u015f\u0131klar oyunculara h\u0131zl\u0131 tepki verme f\u0131rsat\u0131 sunar.<\/li>\n<li data-start=\"630\" data-end=\"709\">Zaman Sayac\u0131: Oyun s\u00fcresini g\u00f6stererek oyuncular aras\u0131nda rekabeti art\u0131r\u0131r.<\/li>\n<li data-start=\"712\" data-end=\"796\">Esnek Kullan\u0131m: Trambolin ve top havuzlar\u0131 gibi farkl\u0131 alanlarda kullan\u0131labilir.<\/li>\n<\/ul>\n<\/li>\n<li data-start=\"798\" data-end=\"1002\">\n<p data-start=\"800\" data-end=\"1002\"><strong data-start=\"800\" data-end=\"809\">Ama\u00e7:<\/strong><br data-start=\"809\" data-end=\"812\" \/>Oyuncular\u0131n reflekslerini test ederek LED \u0131\u015f\u0131klar\u0131 en h\u0131zl\u0131 \u015fekilde kapatmalar\u0131 ve maksimum puan\u0131 toplamalar\u0131 hedeflenir. TwinGlow Arena, e\u011flenceli oldu\u011fu kadar \u00f6\u011fretici bir deneyim sunar!<\/p>\n<\/li>\n<\/ul>","protected":false},"excerpt":{"rendered":"<h3 data-start=\"36\" data-end=\"103\"><span style=\"color: #8765a0;\">TwinGlow Arena E\u011flencenin ve Rekabetin \u00c7ift I\u015f\u0131\u011f\u0131<\/span><\/h3>\n<p><strong data-start=\"800\" data-end=\"809\">Ama\u00e7: <\/strong>Oyuncular\u0131n reflekslerini test ederek LED \u0131\u015f\u0131klar\u0131 en h\u0131zl\u0131 \u015fekilde kapatmalar\u0131 ve maksimum puan\u0131 toplamalar\u0131 hedeflenir. TwinGlow Arena, e\u011flenceli oldu\u011fu kadar \u00f6\u011fretici bir deneyim sunar!<\/p>\n<p><img loading=\"lazy\" decoding=\"async\" class=\"wp-image-1402 alignnone\" src=\"https:\/\/creo-interactive.com\/wp-content\/uploads\/2023\/12\/FlashFrenzy-Table-Challange-3-1024x787.png\" alt=\"\" width=\"174\" height=\"134\" srcset=\"https:\/\/creo-interactive.com\/wp-content\/uploads\/2023\/12\/FlashFrenzy-Table-Challange-3-1024x787.png 1024w, https:\/\/creo-interactive.com\/wp-content\/uploads\/2023\/12\/FlashFrenzy-Table-Challange-3-600x461.png 600w, https:\/\/creo-interactive.com\/wp-content\/uploads\/2023\/12\/FlashFrenzy-Table-Challange-3-300x231.png 300w, https:\/\/creo-interactive.com\/wp-content\/uploads\/2023\/12\/FlashFrenzy-Table-Challange-3-768x590.png 768w, https:\/\/creo-interactive.com\/wp-content\/uploads\/2023\/12\/FlashFrenzy-Table-Challange-3-1536x1180.png 1536w, https:\/\/creo-interactive.com\/wp-content\/uploads\/2023\/12\/FlashFrenzy-Table-Challange-3.png 1944w\" sizes=\"auto, (max-width: 174px) 100vw, 174px\" \/><img loading=\"lazy\" decoding=\"async\" class=\"alignnone wp-image-1302\" src=\"https:\/\/creo-interactive.com\/wp-content\/uploads\/2023\/12\/AuraNotes6-01.webp\" alt=\"\" width=\"149\" height=\"185\" srcset=\"https:\/\/creo-interactive.com\/wp-content\/uploads\/2023\/12\/AuraNotes6-01.webp 645w, https:\/\/creo-interactive.com\/wp-content\/uploads\/2023\/12\/AuraNotes6-01-600x744.webp 600w, https:\/\/creo-interactive.com\/wp-content\/uploads\/2023\/12\/AuraNotes6-01-242x300.webp 242w\" sizes=\"auto, (max-width: 149px) 100vw, 149px\" \/><\/p>","protected":false},"featured_media":2592,"comment_status":"open","ping_status":"closed","template":"","meta":{"_gspb_post_css":""},"product_brand":[226],"product_cat":[216],"product_tag":[283,259,268,269,282,267],"class_list":{"0":"post-358","1":"product","2":"type-product","3":"status-publish","4":"has-post-thumbnail","6":"product_brand-creo-interactive","7":"product_cat-dokunmatik-ve-refleks-tabanli-oyunlar","8":"product_tag-dokunmatik-ic-mekan-oyunlar","9":"product_tag-interaktif-oyun-ureticisi","10":"product_tag-trambolin-aktivite-urunler","11":"product_tag-trambolin-etkilesimli-oyunlar","12":"product_tag-trambolin-interaktif-oyun","13":"product_tag-trambolin-park","15":"first","16":"instock","17":"taxable","18":"shipping-taxable","19":"purchasable","20":"product-type-simple"},"_links":{"self":[{"href":"https:\/\/creo-interactive.com\/en\/wp-json\/wp\/v2\/product\/358","targetHints":{"allow":["GET"]}}],"collection":[{"href":"https:\/\/creo-interactive.com\/en\/wp-json\/wp\/v2\/product"}],"about":[{"href":"https:\/\/creo-interactive.com\/en\/wp-json\/wp\/v2\/types\/product"}],"replies":[{"embeddable":true,"href":"https:\/\/creo-interactive.com\/en\/wp-json\/wp\/v2\/comments?post=358"}],"wp:featuredmedia":[{"embeddable":true,"href":"https:\/\/creo-interactive.com\/en\/wp-json\/wp\/v2\/media\/2592"}],"wp:attachment":[{"href":"https:\/\/creo-interactive.com\/en\/wp-json\/wp\/v2\/media?parent=358"}],"wp:term":[{"taxonomy":"product_brand","embeddable":true,"href":"https:\/\/creo-interactive.com\/en\/wp-json\/wp\/v2\/product_brand?post=358"},{"taxonomy":"product_cat","embeddable":true,"href":"https:\/\/creo-interactive.com\/en\/wp-json\/wp\/v2\/product_cat?post=358"},{"taxonomy":"product_tag","embeddable":true,"href":"https:\/\/creo-interactive.com\/en\/wp-json\/wp\/v2\/product_tag?post=358"}],"curies":[{"name":"wp","href":"https:\/\/api.w.org\/{rel}","templated":true}]}}