{"id":360,"date":"2025-01-28T13:17:06","date_gmt":"2025-01-28T13:17:06","guid":{"rendered":"https:\/\/startersites.io\/blocksy\/kiddy\/?post_type=product&#038;p=360"},"modified":"2025-09-17T20:05:30","modified_gmt":"2025-09-17T20:05:30","slug":"glowhit","status":"publish","type":"product","link":"https:\/\/creo-interactive.com\/en\/product\/glowhit\/","title":{"rendered":"GlowHit"},"content":{"rendered":"<h2 data-start=\"0\" data-end=\"17\"><span style=\"color: #8765a0;\"><strong data-start=\"4\" data-end=\"15\">GlowHit &#8211; <\/strong><strong data-start=\"18\" data-end=\"69\">H\u0131zl\u0131 Tepki ve I\u015f\u0131klarla E\u011flenceli Bir Rekabet!<\/strong><\/span><\/h2>\n<p data-start=\"73\" data-end=\"286\"><strong data-start=\"73\" data-end=\"86\">A\u00e7\u0131klama:<\/strong><br data-start=\"86\" data-end=\"89\" \/>GlowHit, oyuncular\u0131n yan\u0131p s\u00f6nen \u0131\u015f\u0131klara dokunarak puan toplad\u0131\u011f\u0131 interaktif bir refleks oyunudur. Renkli LED \u0131\u015f\u0131klar ve dinamik ses efektleriyle hem e\u011flenceyi hem de hareketi bir araya getirir.<\/p>\n<hr data-start=\"288\" data-end=\"291\" \/>\n<p data-start=\"293\" data-end=\"314\"><strong data-start=\"293\" data-end=\"312\">\u00dcr\u00fcn Detaylar\u0131:<\/strong><\/p>\n<ul data-start=\"315\" data-end=\"895\">\n<li data-start=\"315\" data-end=\"519\">\n<p data-start=\"317\" data-end=\"519\"><strong data-start=\"317\" data-end=\"333\">Oyun Temas\u0131:<\/strong><br data-start=\"333\" data-end=\"336\" \/>GlowHit, oyuncular\u0131n h\u0131z ve reflekslerini test ederek hedeflere dokundu\u011fu bir oyundur. Ama\u00e7, yan\u0131p s\u00f6nen \u0131\u015f\u0131klar\u0131 m\u00fcmk\u00fcn olan en k\u0131sa s\u00fcrede kapatarak en y\u00fcksek puan\u0131 toplamakt\u0131r.<\/p>\n<\/li>\n<li data-start=\"521\" data-end=\"779\">\n<p data-start=\"523\" data-end=\"550\"><strong data-start=\"523\" data-end=\"548\">Interaktif Elemanlar:<\/strong><\/p>\n<ul data-start=\"553\" data-end=\"779\">\n<li data-start=\"553\" data-end=\"627\"><strong data-start=\"555\" data-end=\"571\">LED I\u015f\u0131klar:<\/strong> Rastgele yan\u0131p s\u00f6nen \u0131\u015f\u0131klar, g\u00f6rsel bir \u015f\u00f6len sunar.<\/li>\n<li data-start=\"630\" data-end=\"702\"><strong data-start=\"632\" data-end=\"650\">Ses Efektleri:<\/strong> Her ba\u015far\u0131l\u0131 dokunu\u015fta motive edici sesler \u00e7alar.<\/li>\n<li data-start=\"705\" data-end=\"779\"><strong data-start=\"707\" data-end=\"724\">Zaman Sayac\u0131:<\/strong> Oyunculara kalan s\u00fcreyi g\u00f6stererek rekabeti art\u0131r\u0131r.<\/li>\n<\/ul>\n<\/li>\n<li data-start=\"781\" data-end=\"895\">\n<p data-start=\"783\" data-end=\"895\"><strong data-start=\"783\" data-end=\"792\">Ama\u00e7:<\/strong><br data-start=\"792\" data-end=\"795\" \/>I\u015f\u0131k h\u0131z\u0131nda refleks g\u00f6stererek rakipten daha fazla hedefe dokunmak ve en y\u00fcksek puan\u0131 kazanmak.<\/p>\n<\/li>\n<\/ul>","protected":false},"excerpt":{"rendered":"<h3 data-start=\"0\" data-end=\"17\"><span style=\"color: #8765a0;\"><strong data-start=\"18\" data-end=\"69\">H\u0131zl\u0131 Tepki ve I\u015f\u0131klarla E\u011flenceli Bir Rekabet!<\/strong><\/span><\/h3>\n<p><strong data-start=\"783\" data-end=\"792\">Ama\u00e7: GlowHit <\/strong>I\u015f\u0131k h\u0131z\u0131nda refleks g\u00f6stererek rakipten daha fazla hedefe dokunmak ve en y\u00fcksek puan\u0131 kazanmak.<\/p>\n<p><img loading=\"lazy\" decoding=\"async\" class=\"wp-image-1402 alignnone\" src=\"https:\/\/creo-interactive.com\/wp-content\/uploads\/2023\/12\/FlashFrenzy-Table-Challange-3-1024x787.png\" alt=\"\" width=\"174\" height=\"134\" srcset=\"https:\/\/creo-interactive.com\/wp-content\/uploads\/2023\/12\/FlashFrenzy-Table-Challange-3-1024x787.png 1024w, https:\/\/creo-interactive.com\/wp-content\/uploads\/2023\/12\/FlashFrenzy-Table-Challange-3-600x461.png 600w, https:\/\/creo-interactive.com\/wp-content\/uploads\/2023\/12\/FlashFrenzy-Table-Challange-3-300x231.png 300w, https:\/\/creo-interactive.com\/wp-content\/uploads\/2023\/12\/FlashFrenzy-Table-Challange-3-768x590.png 768w, https:\/\/creo-interactive.com\/wp-content\/uploads\/2023\/12\/FlashFrenzy-Table-Challange-3-1536x1180.png 1536w, https:\/\/creo-interactive.com\/wp-content\/uploads\/2023\/12\/FlashFrenzy-Table-Challange-3.png 1944w\" sizes=\"auto, (max-width: 174px) 100vw, 174px\" \/><img loading=\"lazy\" decoding=\"async\" class=\"alignnone wp-image-1302\" src=\"https:\/\/creo-interactive.com\/wp-content\/uploads\/2023\/12\/AuraNotes6-01.webp\" alt=\"\" width=\"149\" height=\"185\" srcset=\"https:\/\/creo-interactive.com\/wp-content\/uploads\/2023\/12\/AuraNotes6-01.webp 645w, https:\/\/creo-interactive.com\/wp-content\/uploads\/2023\/12\/AuraNotes6-01-600x744.webp 600w, https:\/\/creo-interactive.com\/wp-content\/uploads\/2023\/12\/AuraNotes6-01-242x300.webp 242w\" sizes=\"auto, (max-width: 149px) 100vw, 149px\" \/><\/p>","protected":false},"featured_media":2594,"comment_status":"open","ping_status":"closed","template":"","meta":{"_gspb_post_css":""},"product_brand":[226],"product_cat":[216],"product_tag":[272,253,259,252,256,271],"class_list":{"0":"post-360","1":"product","2":"type-product","3":"status-publish","4":"has-post-thumbnail","6":"product_brand-creo-interactive","7":"product_cat-dokunmatik-ve-refleks-tabanli-oyunlar","8":"product_tag-dokunmatik-refleks-oyunu","9":"product_tag-etkilesimli-oyunlar","10":"product_tag-interaktif-oyun-ureticisi","11":"product_tag-interaktif-oyunlar","12":"product_tag-masa-challange","13":"product_tag-top-havuzu-oyunlari","15":"first","16":"instock","17":"featured","18":"taxable","19":"shipping-taxable","20":"purchasable","21":"product-type-simple"},"_links":{"self":[{"href":"https:\/\/creo-interactive.com\/en\/wp-json\/wp\/v2\/product\/360","targetHints":{"allow":["GET"]}}],"collection":[{"href":"https:\/\/creo-interactive.com\/en\/wp-json\/wp\/v2\/product"}],"about":[{"href":"https:\/\/creo-interactive.com\/en\/wp-json\/wp\/v2\/types\/product"}],"replies":[{"embeddable":true,"href":"https:\/\/creo-interactive.com\/en\/wp-json\/wp\/v2\/comments?post=360"}],"wp:featuredmedia":[{"embeddable":true,"href":"https:\/\/creo-interactive.com\/en\/wp-json\/wp\/v2\/media\/2594"}],"wp:attachment":[{"href":"https:\/\/creo-interactive.com\/en\/wp-json\/wp\/v2\/media?parent=360"}],"wp:term":[{"taxonomy":"product_brand","embeddable":true,"href":"https:\/\/creo-interactive.com\/en\/wp-json\/wp\/v2\/product_brand?post=360"},{"taxonomy":"product_cat","embeddable":true,"href":"https:\/\/creo-interactive.com\/en\/wp-json\/wp\/v2\/product_cat?post=360"},{"taxonomy":"product_tag","embeddable":true,"href":"https:\/\/creo-interactive.com\/en\/wp-json\/wp\/v2\/product_tag?post=360"}],"curies":[{"name":"wp","href":"https:\/\/api.w.org\/{rel}","templated":true}]}}