{"id":362,"date":"2025-01-28T13:20:10","date_gmt":"2025-01-28T13:20:10","guid":{"rendered":"https:\/\/startersites.io\/blocksy\/kiddy\/?post_type=product&#038;p=362"},"modified":"2025-09-17T20:05:05","modified_gmt":"2025-09-17T20:05:05","slug":"xo-challenge","status":"publish","type":"product","link":"https:\/\/creo-interactive.com\/en\/product\/xo-challenge\/","title":{"rendered":"XO Challenge"},"content":{"rendered":"<h2 data-start=\"0\" data-end=\"22\"><span style=\"color: #6ba0c4;\"><strong data-start=\"4\" data-end=\"20\">XO Challenge &#8211; <\/strong><strong data-start=\"23\" data-end=\"74\">Strateji ve H\u0131z\u0131n Bulu\u015ftu\u011fu Interaktif E\u011flence!<\/strong><\/span><\/h2>\n<p data-start=\"78\" data-end=\"350\"><strong data-start=\"78\" data-end=\"91\">A\u00e7\u0131klama:<\/strong><br data-start=\"91\" data-end=\"94\" \/>XO Challenge, klasik &#8220;XOX&#8221; oyununun modern ve interaktif bir versiyonudur. Renkli LED \u0131\u015f\u0131klar ve dokunmatik panellerle, oyuncular stratejik hamleler yaparak rakiplerini yenmeye \u00e7al\u0131\u015f\u0131r. E\u011flence dolu bu oyun, oyun alanlar\u0131n\u0131za rekabet ve dinamizm katacak!<\/p>\n<hr data-start=\"352\" data-end=\"355\" \/>\n<p data-start=\"357\" data-end=\"378\"><strong data-start=\"357\" data-end=\"376\">\u00dcr\u00fcn Detaylar\u0131:<\/strong><\/p>\n<ul data-start=\"379\" data-end=\"1084\">\n<li data-start=\"379\" data-end=\"559\">\n<p data-start=\"381\" data-end=\"559\"><strong data-start=\"381\" data-end=\"397\">Oyun Temas\u0131:<\/strong><br data-start=\"397\" data-end=\"400\" \/>XO Challenge, iki oyuncunun s\u0131ras\u0131yla X veya O sembollerini dokunmatik panellere yerle\u015ftirerek bir s\u0131ra olu\u015fturmaya \u00e7al\u0131\u015ft\u0131\u011f\u0131 strateji tabanl\u0131 bir oyundur.<\/p>\n<\/li>\n<li data-start=\"561\" data-end=\"865\">\n<p data-start=\"563\" data-end=\"590\"><strong data-start=\"563\" data-end=\"588\">Interaktif Elemanlar:<\/strong><\/p>\n<ul data-start=\"593\" data-end=\"865\">\n<li data-start=\"593\" data-end=\"679\"><strong data-start=\"595\" data-end=\"619\">Dokunmatik Paneller:<\/strong> H\u0131zl\u0131 ve kolay hamleler i\u00e7in duyarl\u0131 dokunmatik y\u00fczeyler.<\/li>\n<li data-start=\"682\" data-end=\"775\"><strong data-start=\"684\" data-end=\"700\">LED I\u015f\u0131klar:<\/strong> Her hamlede aktifle\u015fen renkli \u0131\u015f\u0131klar, oyuna g\u00f6rsel bir zenginlik katar.<\/li>\n<li data-start=\"778\" data-end=\"865\"><strong data-start=\"780\" data-end=\"798\">Ses Efektleri:<\/strong> Do\u011fru hamlelerde \u00f6d\u00fcllendirici seslerle oyuncular motive edilir.<\/li>\n<\/ul>\n<\/li>\n<li data-start=\"867\" data-end=\"1084\">\n<p data-start=\"869\" data-end=\"1084\"><strong data-start=\"869\" data-end=\"878\">Ama\u00e7:<\/strong><br data-start=\"878\" data-end=\"881\" \/>Oyuncular, rakibinden \u00f6nce yatay, dikey veya \u00e7apraz bir \u015fekilde \u00fc\u00e7 sembol\u00fc hizalayarak oyunu kazanmaya \u00e7al\u0131\u015f\u0131r. Bu oyun, strateji, h\u0131z ve e\u011flenceyi bir araya getirerek her ya\u015ftan oyuncuya hitap eder.<\/p>\n<\/li>\n<\/ul>\n<p data-start=\"1086\" data-end=\"1201\">XO Challenge ile mekan\u0131n\u0131za rekabetin heyecan\u0131n\u0131 ta\u015f\u0131y\u0131n ve ziyaret\u00e7ilerinizi unutulmaz bir deneyimle bulu\u015fturun!<\/p>","protected":false},"excerpt":{"rendered":"<h3 data-start=\"0\" data-end=\"22\"><span style=\"color: #6ba0c4;\"><strong data-start=\"23\" data-end=\"74\">Strateji ve H\u0131z\u0131n Bulu\u015ftu\u011fu Interaktif E\u011flence!<\/strong><\/span><\/h3>\n<p data-start=\"869\" data-end=\"1084\"><strong data-start=\"869\" data-end=\"878\">Ama\u00e7: <\/strong>Oyuncular, rakibinden \u00f6nce yatay, dikey veya \u00e7apraz bir \u015fekilde \u00fc\u00e7 sembol\u00fc hizalayarak oyunu kazanmaya \u00e7al\u0131\u015f\u0131r. Bu oyun, strateji, h\u0131z ve e\u011flenceyi bir araya getirerek her ya\u015ftan oyuncuya hitap eder.<\/p>\n<p data-start=\"1086\" data-end=\"1201\">XO Challenge ile mekan\u0131n\u0131za rekabetin heyecan\u0131n\u0131 ta\u015f\u0131y\u0131n ve ziyaret\u00e7ilerinizi unutulmaz bir deneyimle bulu\u015fturun!<\/p>\n<p data-start=\"1086\" data-end=\"1201\"><img loading=\"lazy\" decoding=\"async\" class=\"wp-image-1402 alignnone\" src=\"https:\/\/creo-interactive.com\/wp-content\/uploads\/2023\/12\/FlashFrenzy-Table-Challange-3-1024x787.png\" alt=\"\" width=\"174\" height=\"134\" srcset=\"https:\/\/creo-interactive.com\/wp-content\/uploads\/2023\/12\/FlashFrenzy-Table-Challange-3-1024x787.png 1024w, https:\/\/creo-interactive.com\/wp-content\/uploads\/2023\/12\/FlashFrenzy-Table-Challange-3-600x461.png 600w, https:\/\/creo-interactive.com\/wp-content\/uploads\/2023\/12\/FlashFrenzy-Table-Challange-3-300x231.png 300w, https:\/\/creo-interactive.com\/wp-content\/uploads\/2023\/12\/FlashFrenzy-Table-Challange-3-768x590.png 768w, https:\/\/creo-interactive.com\/wp-content\/uploads\/2023\/12\/FlashFrenzy-Table-Challange-3-1536x1180.png 1536w, https:\/\/creo-interactive.com\/wp-content\/uploads\/2023\/12\/FlashFrenzy-Table-Challange-3.png 1944w\" sizes=\"auto, (max-width: 174px) 100vw, 174px\" \/><img loading=\"lazy\" decoding=\"async\" class=\"alignnone wp-image-1302\" src=\"https:\/\/creo-interactive.com\/wp-content\/uploads\/2023\/12\/AuraNotes6-01.webp\" alt=\"\" width=\"149\" height=\"185\" srcset=\"https:\/\/creo-interactive.com\/wp-content\/uploads\/2023\/12\/AuraNotes6-01.webp 645w, https:\/\/creo-interactive.com\/wp-content\/uploads\/2023\/12\/AuraNotes6-01-600x744.webp 600w, https:\/\/creo-interactive.com\/wp-content\/uploads\/2023\/12\/AuraNotes6-01-242x300.webp 242w\" sizes=\"auto, (max-width: 149px) 100vw, 149px\" \/><\/p>","protected":false},"featured_media":2593,"comment_status":"open","ping_status":"closed","template":"","meta":{"_gspb_post_css":""},"product_brand":[226],"product_cat":[216],"product_tag":[257,270,281,259,280],"class_list":{"0":"post-362","1":"product","2":"type-product","3":"status-publish","4":"has-post-thumbnail","6":"product_brand-creo-interactive","7":"product_cat-dokunmatik-ve-refleks-tabanli-oyunlar","8":"product_tag-etkilesimli-masa-oyunu","9":"product_tag-ic-mekan-oyun-ureticisi","10":"product_tag-interaktif-masa-challange","11":"product_tag-interaktif-oyun-ureticisi","12":"product_tag-xox","14":"first","15":"instock","16":"featured","17":"taxable","18":"shipping-taxable","19":"purchasable","20":"product-type-simple"},"_links":{"self":[{"href":"https:\/\/creo-interactive.com\/en\/wp-json\/wp\/v2\/product\/362","targetHints":{"allow":["GET"]}}],"collection":[{"href":"https:\/\/creo-interactive.com\/en\/wp-json\/wp\/v2\/product"}],"about":[{"href":"https:\/\/creo-interactive.com\/en\/wp-json\/wp\/v2\/types\/product"}],"replies":[{"embeddable":true,"href":"https:\/\/creo-interactive.com\/en\/wp-json\/wp\/v2\/comments?post=362"}],"wp:featuredmedia":[{"embeddable":true,"href":"https:\/\/creo-interactive.com\/en\/wp-json\/wp\/v2\/media\/2593"}],"wp:attachment":[{"href":"https:\/\/creo-interactive.com\/en\/wp-json\/wp\/v2\/media?parent=362"}],"wp:term":[{"taxonomy":"product_brand","embeddable":true,"href":"https:\/\/creo-interactive.com\/en\/wp-json\/wp\/v2\/product_brand?post=362"},{"taxonomy":"product_cat","embeddable":true,"href":"https:\/\/creo-interactive.com\/en\/wp-json\/wp\/v2\/product_cat?post=362"},{"taxonomy":"product_tag","embeddable":true,"href":"https:\/\/creo-interactive.com\/en\/wp-json\/wp\/v2\/product_tag?post=362"}],"curies":[{"name":"wp","href":"https:\/\/api.w.org\/{rel}","templated":true}]}}