{"id":369,"date":"2025-01-28T14:15:17","date_gmt":"2025-01-28T14:15:17","guid":{"rendered":"https:\/\/startersites.io\/blocksy\/kiddy\/?post_type=product&#038;p=369"},"modified":"2025-10-07T10:28:23","modified_gmt":"2025-10-07T10:28:23","slug":"timerush","status":"publish","type":"product","link":"https:\/\/creo-interactive.com\/en\/product\/timerush\/","title":{"rendered":"TimeRush"},"content":{"rendered":"<h2 data-start=\"0\" data-end=\"18\"><span style=\"color: #339966;\"><strong data-start=\"4\" data-end=\"16\">TimeRush &#8211; <\/strong><strong data-start=\"19\" data-end=\"54\">H\u0131z ve Stratejiyle Zafere Ula\u015f!<\/strong><\/span><\/h2>\n<p data-start=\"58\" data-end=\"370\"><strong data-start=\"58\" data-end=\"71\">A\u00e7\u0131klama:<\/strong><br data-start=\"71\" data-end=\"74\" \/>TimeRush, oyuncular\u0131n belirli bir parkuru m\u00fcmk\u00fcn olan en k\u0131sa s\u00fcrede tamamlamaya \u00e7al\u0131\u015ft\u0131\u011f\u0131 interaktif bir yar\u0131\u015f oyunudur. Ba\u015flang\u0131\u00e7 ve biti\u015f noktalar\u0131 aras\u0131nda ge\u00e7en her saniye \u00f6nemli! H\u0131z, dikkat ve strateji gerektiren bu oyun, hem \u00e7ocuklar hem de yeti\u015fkinler i\u00e7in e\u011flenceli bir rekabet sunar.<\/p>\n<hr data-start=\"372\" data-end=\"375\" \/>\n<p data-start=\"377\" data-end=\"398\"><strong data-start=\"377\" data-end=\"396\">\u00dcr\u00fcn Detaylar\u0131:<\/strong><\/p>\n<ul data-start=\"399\" data-end=\"1014\">\n<li data-start=\"399\" data-end=\"597\">\n<p data-start=\"401\" data-end=\"597\"><strong data-start=\"401\" data-end=\"417\">Oyun Temas\u0131:<\/strong><br data-start=\"417\" data-end=\"420\" \/>Oyuncular, parkur boyunca h\u0131zl\u0131ca ilerleyip engelleri a\u015farak &#8220;FINISH&#8221; noktas\u0131na ula\u015fmaya \u00e7al\u0131\u015f\u0131r. S\u00fcre bitmeden parkuru tamamlayan ve en iyi zaman\u0131 elde eden oyuncu kazan\u0131r.<\/p>\n<\/li>\n<li data-start=\"599\" data-end=\"915\">\n<p data-start=\"601\" data-end=\"628\"><strong data-start=\"601\" data-end=\"626\">Interaktif Elemanlar:<\/strong><\/p>\n<ul data-start=\"631\" data-end=\"915\">\n<li data-start=\"631\" data-end=\"747\"><strong data-start=\"633\" data-end=\"666\">Ba\u015flang\u0131\u00e7 ve Biti\u015f Noktalar\u0131:<\/strong> Oyuncular &#8220;START&#8221; tu\u015funa basarak ba\u015flar, &#8220;FINISH&#8221; tu\u015fuyla s\u00fcrelerini tamamlar.<\/li>\n<li data-start=\"750\" data-end=\"827\"><strong data-start=\"752\" data-end=\"772\">LED Skor Panosu:<\/strong> Yar\u0131\u015f s\u00fcresi ve s\u0131ralamalar anl\u0131k olarak g\u00f6sterilir.<\/li>\n<li data-start=\"830\" data-end=\"915\"><strong data-start=\"832\" data-end=\"858\">Ses ve I\u015f\u0131k Efektleri:<\/strong> Oyunculara parkur boyunca dinamik geri bildirim sunar.<\/li>\n<\/ul>\n<\/li>\n<li data-start=\"917\" data-end=\"1014\">\n<p data-start=\"919\" data-end=\"1014\"><strong data-start=\"919\" data-end=\"928\">Ama\u00e7:<\/strong><br data-start=\"928\" data-end=\"931\" \/>Belirli bir s\u00fcre i\u00e7inde parkuru en h\u0131zl\u0131 tamamlamak ve en iyi skoru elde etmek.<\/p>\n<\/li>\n<\/ul>","protected":false},"excerpt":{"rendered":"<h3 data-start=\"0\" data-end=\"18\"><span style=\"color: #339966;\"><strong data-start=\"19\" data-end=\"54\">H\u0131z ve Stratejiyle Zafere Ula\u015f!<\/strong><\/span><\/h3>\n<p><strong data-start=\"919\" data-end=\"928\">Ama\u00e7: <\/strong>Belirli bir s\u00fcre i\u00e7inde parkuru en h\u0131zl\u0131 tamamlamak ve en iyi skoru elde etmek.<\/p>","protected":false},"featured_media":2630,"comment_status":"open","ping_status":"closed","template":"","meta":{"_gspb_post_css":""},"product_brand":[226],"product_cat":[220],"product_tag":[],"class_list":{"0":"post-369","1":"product","2":"type-product","3":"status-publish","4":"has-post-thumbnail","6":"product_brand-creo-interactive","7":"product_cat-tirmanma-ve-hiz-tabanli-oyunlar","9":"first","10":"instock","11":"featured","12":"taxable","13":"shipping-taxable","14":"purchasable","15":"product-type-simple"},"_links":{"self":[{"href":"https:\/\/creo-interactive.com\/en\/wp-json\/wp\/v2\/product\/369","targetHints":{"allow":["GET"]}}],"collection":[{"href":"https:\/\/creo-interactive.com\/en\/wp-json\/wp\/v2\/product"}],"about":[{"href":"https:\/\/creo-interactive.com\/en\/wp-json\/wp\/v2\/types\/product"}],"replies":[{"embeddable":true,"href":"https:\/\/creo-interactive.com\/en\/wp-json\/wp\/v2\/comments?post=369"}],"wp:featuredmedia":[{"embeddable":true,"href":"https:\/\/creo-interactive.com\/en\/wp-json\/wp\/v2\/media\/2630"}],"wp:attachment":[{"href":"https:\/\/creo-interactive.com\/en\/wp-json\/wp\/v2\/media?parent=369"}],"wp:term":[{"taxonomy":"product_brand","embeddable":true,"href":"https:\/\/creo-interactive.com\/en\/wp-json\/wp\/v2\/product_brand?post=369"},{"taxonomy":"product_cat","embeddable":true,"href":"https:\/\/creo-interactive.com\/en\/wp-json\/wp\/v2\/product_cat?post=369"},{"taxonomy":"product_tag","embeddable":true,"href":"https:\/\/creo-interactive.com\/en\/wp-json\/wp\/v2\/product_tag?post=369"}],"curies":[{"name":"wp","href":"https:\/\/api.w.org\/{rel}","templated":true}]}}