{"id":371,"date":"2025-01-28T14:19:50","date_gmt":"2025-01-28T14:19:50","guid":{"rendered":"https:\/\/startersites.io\/blocksy\/kiddy\/?post_type=product&#038;p=371"},"modified":"2025-10-07T10:28:23","modified_gmt":"2025-10-07T10:28:23","slug":"speed-ascent","status":"publish","type":"product","link":"https:\/\/creo-interactive.com\/en\/product\/speed-ascent\/","title":{"rendered":"Speed Ascent"},"content":{"rendered":"<h2 data-start=\"0\" data-end=\"22\"><span style=\"color: #339966;\"><strong data-start=\"4\" data-end=\"20\">Speed Ascent &#8211; <\/strong><strong data-start=\"23\" data-end=\"70\">H\u0131zl\u0131 T\u0131rman\u0131\u015f ve Heyecan Dolu Bir Rekabet!<\/strong><\/span><\/h2>\n<p data-start=\"74\" data-end=\"349\"><strong data-start=\"74\" data-end=\"87\">A\u00e7\u0131klama:<\/strong><br data-start=\"87\" data-end=\"90\" \/>Speed Ascent, oyuncular\u0131n h\u0131zla t\u0131rmanarak en \u00fcst noktaya ula\u015fmaya \u00e7al\u0131\u015ft\u0131\u011f\u0131 interaktif bir t\u0131rmanma oyunudur. Dijital skor panosu ve zaman sayac\u0131yla yar\u0131\u015fmay\u0131 daha da heyecanl\u0131 hale getirir. En h\u0131zl\u0131 olan oyuncu zirveye \u00e7\u0131kar ve galibiyetin tad\u0131n\u0131 \u00e7\u0131kar\u0131r!<\/p>\n<hr data-start=\"351\" data-end=\"354\" \/>\n<p data-start=\"356\" data-end=\"377\"><strong data-start=\"356\" data-end=\"375\">\u00dcr\u00fcn Detaylar\u0131:<\/strong><\/p>\n<ul data-start=\"378\" data-end=\"973\">\n<li data-start=\"378\" data-end=\"548\">\n<p data-start=\"380\" data-end=\"548\"><strong data-start=\"380\" data-end=\"396\">Oyun Temas\u0131:<\/strong><br data-start=\"396\" data-end=\"399\" \/>Oyuncular, zorluklar\u0131 h\u0131zla a\u015farak t\u0131rman\u0131\u015f duvar\u0131ndaki \u0131\u015f\u0131kl\u0131 hedeflere ula\u015f\u0131r. Ama\u00e7, belirlenen s\u00fcre i\u00e7inde en k\u0131sa zamanda zirveye ula\u015fmakt\u0131r.<\/p>\n<\/li>\n<li data-start=\"550\" data-end=\"824\">\n<p data-start=\"552\" data-end=\"579\"><strong data-start=\"552\" data-end=\"577\">Interaktif Elemanlar:<\/strong><\/p>\n<ul data-start=\"582\" data-end=\"824\">\n<li data-start=\"582\" data-end=\"663\"><strong data-start=\"584\" data-end=\"616\">LED Ayd\u0131nlatmal\u0131 Tutamaklar:<\/strong> Oyuncular\u0131n yolunu g\u00f6steren \u0131\u015f\u0131kl\u0131 hedefler.<\/li>\n<li data-start=\"666\" data-end=\"753\"><strong data-start=\"668\" data-end=\"692\">Dijital Skor Panosu:<\/strong> Yar\u0131\u015fmac\u0131lar\u0131n s\u00fcre ve skorlar\u0131n\u0131 ger\u00e7ek zamanl\u0131 g\u00f6sterir.<\/li>\n<li data-start=\"756\" data-end=\"824\"><strong data-start=\"758\" data-end=\"775\">Zaman Sayac\u0131:<\/strong> S\u00fcre bitmeden zirveye ula\u015fma heyecan\u0131 yarat\u0131r.<\/li>\n<\/ul>\n<\/li>\n<li data-start=\"826\" data-end=\"973\">\n<p data-start=\"828\" data-end=\"973\"><strong data-start=\"828\" data-end=\"837\">Ama\u00e7:<\/strong><br data-start=\"837\" data-end=\"840\" \/>Oyuncular h\u0131z ve strateji kullanarak rakiplerini ge\u00e7meye \u00e7al\u0131\u015f\u0131r. S\u00fcre sonunda en k\u0131sa s\u00fcrede t\u0131rmanan oyuncu veya tak\u0131m kazan\u0131r.<\/p>\n<\/li>\n<\/ul>","protected":false},"excerpt":{"rendered":"<h3 data-start=\"0\" data-end=\"22\"><span style=\"color: #339966;\"><strong data-start=\"23\" data-end=\"70\">Speed Ascent H\u0131zl\u0131 T\u0131rman\u0131\u015f ve Heyecan Dolu Bir Rekabet!<\/strong><\/span><\/h3>\n<p><strong data-start=\"828\" data-end=\"837\">Ama\u00e7: <\/strong>Oyuncular h\u0131z ve strateji kullanarak rakiplerini ge\u00e7meye \u00e7al\u0131\u015f\u0131r. S\u00fcre sonunda en k\u0131sa s\u00fcrede t\u0131rmanan oyuncu veya tak\u0131m kazan\u0131r.<\/p>","protected":false},"featured_media":2632,"comment_status":"open","ping_status":"closed","template":"","meta":{"_gspb_post_css":""},"product_brand":[226],"product_cat":[220],"product_tag":[284,249,286,285,250],"class_list":{"0":"post-371","1":"product","2":"type-product","3":"status-publish","4":"has-post-thumbnail","6":"product_brand-creo-interactive","7":"product_cat-tirmanma-ve-hiz-tabanli-oyunlar","8":"product_tag-hiz-ve-dikkat","9":"product_tag-interaktif-tirmanma-duvari","10":"product_tag-profesyonel-tirmanma-duvari","11":"product_tag-sureli-tirmanma-duvari","12":"product_tag-tirmanma-duvari","14":"first","15":"instock","16":"taxable","17":"shipping-taxable","18":"purchasable","19":"product-type-simple"},"_links":{"self":[{"href":"https:\/\/creo-interactive.com\/en\/wp-json\/wp\/v2\/product\/371","targetHints":{"allow":["GET"]}}],"collection":[{"href":"https:\/\/creo-interactive.com\/en\/wp-json\/wp\/v2\/product"}],"about":[{"href":"https:\/\/creo-interactive.com\/en\/wp-json\/wp\/v2\/types\/product"}],"replies":[{"embeddable":true,"href":"https:\/\/creo-interactive.com\/en\/wp-json\/wp\/v2\/comments?post=371"}],"wp:featuredmedia":[{"embeddable":true,"href":"https:\/\/creo-interactive.com\/en\/wp-json\/wp\/v2\/media\/2632"}],"wp:attachment":[{"href":"https:\/\/creo-interactive.com\/en\/wp-json\/wp\/v2\/media?parent=371"}],"wp:term":[{"taxonomy":"product_brand","embeddable":true,"href":"https:\/\/creo-interactive.com\/en\/wp-json\/wp\/v2\/product_brand?post=371"},{"taxonomy":"product_cat","embeddable":true,"href":"https:\/\/creo-interactive.com\/en\/wp-json\/wp\/v2\/product_cat?post=371"},{"taxonomy":"product_tag","embeddable":true,"href":"https:\/\/creo-interactive.com\/en\/wp-json\/wp\/v2\/product_tag?post=371"}],"curies":[{"name":"wp","href":"https:\/\/api.w.org\/{rel}","templated":true}]}}