{"id":373,"date":"2025-01-28T14:21:12","date_gmt":"2025-01-28T14:21:12","guid":{"rendered":"https:\/\/startersites.io\/blocksy\/kiddy\/?post_type=product&#038;p=373"},"modified":"2025-10-07T10:28:23","modified_gmt":"2025-10-07T10:28:23","slug":"climb-clash","status":"publish","type":"product","link":"https:\/\/creo-interactive.com\/en\/product\/climb-clash\/","title":{"rendered":"Climb Clash"},"content":{"rendered":"<h2 data-start=\"980\" data-end=\"1001\"><span style=\"color: #8765a0;\"><strong data-start=\"984\" data-end=\"999\">Climb Clash &#8211; <\/strong><strong data-start=\"1002\" data-end=\"1040\">Y\u00fckseklere \u00c7\u0131k ve Rakibini Alt Et!<\/strong><\/span><\/h2>\n<p data-start=\"1044\" data-end=\"1267\"><strong data-start=\"1044\" data-end=\"1057\">A\u00e7\u0131klama:<\/strong><br data-start=\"1057\" data-end=\"1060\" \/><strong>Climb Clash<\/strong>, oyuncular\u0131n t\u0131rman\u0131\u015f duvar\u0131nda h\u0131z ve beceriyle yar\u0131\u015ft\u0131\u011f\u0131 e\u011flenceli bir oyun sistemidir. I\u015f\u0131kl\u0131 hedefler ve dijital skor sistemiyle rekabeti art\u0131rarak oyun alanlar\u0131na enerji ve dinamizm katar.<\/p>\n<hr data-start=\"1269\" data-end=\"1272\" \/>\n<p data-start=\"1274\" data-end=\"1295\"><strong data-start=\"1274\" data-end=\"1293\">\u00dcr\u00fcn Detaylar\u0131:<\/strong><\/p>\n<ul data-start=\"1296\" data-end=\"1880\">\n<li data-start=\"1296\" data-end=\"1459\">\n<p data-start=\"1298\" data-end=\"1459\"><strong data-start=\"1298\" data-end=\"1314\">Oyun Temas\u0131:<\/strong><br data-start=\"1314\" data-end=\"1317\" \/>\u0130ki oyuncu ayn\u0131 anda t\u0131rman\u0131\u015fa ba\u015flayarak zirveye ula\u015fmak i\u00e7in yar\u0131\u015f\u0131r. Hedef, \u0131\u015f\u0131kl\u0131 tutamaklara dokunarak en h\u0131zl\u0131 \u015fekilde t\u0131rmanmakt\u0131r.<\/p>\n<\/li>\n<li data-start=\"1461\" data-end=\"1754\">\n<p data-start=\"1463\" data-end=\"1490\"><strong data-start=\"1463\" data-end=\"1488\">Interaktif Elemanlar:<\/strong><\/p>\n<ul data-start=\"1493\" data-end=\"1754\">\n<li data-start=\"1493\" data-end=\"1586\"><strong data-start=\"1495\" data-end=\"1519\">Dokunmatik Hedefler:<\/strong> Oyuncular\u0131n dokundu\u011funda puan kazand\u0131\u011f\u0131 ayd\u0131nlatmal\u0131 tutamaklar.<\/li>\n<li data-start=\"1589\" data-end=\"1659\"><strong data-start=\"1591\" data-end=\"1616\">Dijital Skor Tablosu:<\/strong> Anl\u0131k puan durumu ve s\u00fcre takibi sa\u011flar.<\/li>\n<li data-start=\"1662\" data-end=\"1754\"><strong data-start=\"1664\" data-end=\"1690\">Ses ve I\u015f\u0131k Efektleri:<\/strong> Her ba\u015far\u0131l\u0131 dokunu\u015fta g\u00f6rsel ve i\u015fitsel geri bildirim sunar.<\/li>\n<\/ul>\n<\/li>\n<li data-start=\"1756\" data-end=\"1880\">\n<p data-start=\"1758\" data-end=\"1880\"><strong data-start=\"1758\" data-end=\"1767\">Ama\u00e7:<\/strong><br data-start=\"1767\" data-end=\"1770\" \/>Rakibinden \u00f6nce zirveye ula\u015farak en y\u00fcksek skoru elde etmek. H\u0131z, denge ve strateji bu oyunun anahtar\u0131d\u0131r!<\/p>\n<\/li>\n<\/ul>","protected":false},"excerpt":{"rendered":"<h3 data-start=\"980\" data-end=\"1001\"><span style=\"color: #8765a0;\"><strong data-start=\"1002\" data-end=\"1040\">Climb Clash Y\u00fckseklere \u00c7\u0131k ve Rakibini Alt Et!<\/strong><\/span><\/h3>\n<p><strong data-start=\"1758\" data-end=\"1767\">Ama\u00e7: Climb Clash <\/strong>Rakibinden \u00f6nce zirveye ula\u015farak en y\u00fcksek skoru elde etmek. H\u0131z, denge ve strateji bu oyunun anahtar\u0131d\u0131r!<\/p>\n<p><img loading=\"lazy\" decoding=\"async\" class=\"wp-image-1402 alignnone\" src=\"https:\/\/creo-interactive.com\/wp-content\/uploads\/2023\/12\/FlashFrenzy-Table-Challange-3-1024x787.png\" alt=\"\" width=\"174\" height=\"134\" srcset=\"https:\/\/creo-interactive.com\/wp-content\/uploads\/2023\/12\/FlashFrenzy-Table-Challange-3-1024x787.png 1024w, https:\/\/creo-interactive.com\/wp-content\/uploads\/2023\/12\/FlashFrenzy-Table-Challange-3-600x461.png 600w, https:\/\/creo-interactive.com\/wp-content\/uploads\/2023\/12\/FlashFrenzy-Table-Challange-3-300x231.png 300w, https:\/\/creo-interactive.com\/wp-content\/uploads\/2023\/12\/FlashFrenzy-Table-Challange-3-768x590.png 768w, https:\/\/creo-interactive.com\/wp-content\/uploads\/2023\/12\/FlashFrenzy-Table-Challange-3-1536x1180.png 1536w, https:\/\/creo-interactive.com\/wp-content\/uploads\/2023\/12\/FlashFrenzy-Table-Challange-3.png 1944w\" sizes=\"auto, (max-width: 174px) 100vw, 174px\" \/><img loading=\"lazy\" decoding=\"async\" class=\"alignnone wp-image-1302\" src=\"https:\/\/creo-interactive.com\/wp-content\/uploads\/2023\/12\/AuraNotes6-01.webp\" alt=\"\" width=\"149\" height=\"185\" srcset=\"https:\/\/creo-interactive.com\/wp-content\/uploads\/2023\/12\/AuraNotes6-01.webp 645w, https:\/\/creo-interactive.com\/wp-content\/uploads\/2023\/12\/AuraNotes6-01-600x744.webp 600w, https:\/\/creo-interactive.com\/wp-content\/uploads\/2023\/12\/AuraNotes6-01-242x300.webp 242w\" sizes=\"auto, (max-width: 149px) 100vw, 149px\" \/><\/p>","protected":false},"featured_media":2631,"comment_status":"open","ping_status":"closed","template":"","meta":{"_gspb_post_css":""},"product_brand":[226],"product_cat":[220],"product_tag":[251,248,252,249,250],"class_list":{"0":"post-373","1":"product","2":"type-product","3":"status-publish","4":"has-post-thumbnail","6":"product_brand-creo-interactive","7":"product_cat-tirmanma-ve-hiz-tabanli-oyunlar","8":"product_tag-etkilesimli-tirmanma-oyunu","9":"product_tag-ic-mekan-oyunlar","10":"product_tag-interaktif-oyunlar","11":"product_tag-interaktif-tirmanma-duvari","12":"product_tag-tirmanma-duvari","14":"first","15":"instock","16":"featured","17":"taxable","18":"shipping-taxable","19":"purchasable","20":"product-type-simple"},"_links":{"self":[{"href":"https:\/\/creo-interactive.com\/en\/wp-json\/wp\/v2\/product\/373","targetHints":{"allow":["GET"]}}],"collection":[{"href":"https:\/\/creo-interactive.com\/en\/wp-json\/wp\/v2\/product"}],"about":[{"href":"https:\/\/creo-interactive.com\/en\/wp-json\/wp\/v2\/types\/product"}],"replies":[{"embeddable":true,"href":"https:\/\/creo-interactive.com\/en\/wp-json\/wp\/v2\/comments?post=373"}],"wp:featuredmedia":[{"embeddable":true,"href":"https:\/\/creo-interactive.com\/en\/wp-json\/wp\/v2\/media\/2631"}],"wp:attachment":[{"href":"https:\/\/creo-interactive.com\/en\/wp-json\/wp\/v2\/media?parent=373"}],"wp:term":[{"taxonomy":"product_brand","embeddable":true,"href":"https:\/\/creo-interactive.com\/en\/wp-json\/wp\/v2\/product_brand?post=373"},{"taxonomy":"product_cat","embeddable":true,"href":"https:\/\/creo-interactive.com\/en\/wp-json\/wp\/v2\/product_cat?post=373"},{"taxonomy":"product_tag","embeddable":true,"href":"https:\/\/creo-interactive.com\/en\/wp-json\/wp\/v2\/product_tag?post=373"}],"curies":[{"name":"wp","href":"https:\/\/api.w.org\/{rel}","templated":true}]}}