{"id":604,"date":"2025-02-20T08:49:21","date_gmt":"2025-02-20T08:49:21","guid":{"rendered":"https:\/\/startersites.io\/blocksy\/kiddy\/?post_type=product&#038;p=604"},"modified":"2025-10-07T10:28:22","modified_gmt":"2025-10-07T10:28:22","slug":"golden-strikers","status":"publish","type":"product","link":"https:\/\/creo-interactive.com\/en\/product\/golden-strikers\/","title":{"rendered":"Golden Strikers"},"content":{"rendered":"<h2 data-start=\"0\" data-end=\"25\"><span style=\"color: #00ccff;\"><strong data-start=\"4\" data-end=\"23\">Golden Strikers &#8211; <\/strong><strong data-start=\"26\" data-end=\"83\">Futbol Heyecan\u0131n\u0131 Interaktif Teknolojiyle Bulu\u015fturun!<\/strong><\/span><\/h2>\n<p data-start=\"87\" data-end=\"391\"><strong data-start=\"87\" data-end=\"100\">A\u00e7\u0131klama:<\/strong><br data-start=\"100\" data-end=\"103\" \/>Golden Strikers, futbol ve hedef vurma oyununu bir araya getiren, hem \u00e7ocuklara hem de yeti\u015fkinlere y\u00f6nelik interaktif bir oyun deneyimi sunar. Renkli LED \u0131\u015f\u0131klar, ses efektleri ve dijital skor tablosuyla oyun alanlar\u0131n\u0131za enerji katarken, ziyaret\u00e7ilerin tekrar tekrar gelmesini sa\u011flar.<\/p>\n<hr data-start=\"393\" data-end=\"396\" \/>\n<p data-start=\"398\" data-end=\"419\"><strong data-start=\"398\" data-end=\"417\">\u00dcr\u00fcn Detaylar\u0131:<\/strong><\/p>\n<ul data-start=\"420\" data-end=\"1152\">\n<li data-start=\"420\" data-end=\"679\">\n<p data-start=\"422\" data-end=\"679\"><strong data-start=\"422\" data-end=\"438\">Oyun Temas\u0131:<\/strong><br data-start=\"438\" data-end=\"441\" \/>Golden Strikers, oyuncular\u0131n toplarla hedefleri vurarak puan toplamas\u0131n\u0131 ama\u00e7layan bir oyun sistemidir. Her ba\u015far\u0131l\u0131 at\u0131\u015fla tak\u0131m\u0131n\u0131z skor tabelas\u0131nda bir ad\u0131m \u00f6ne ge\u00e7er. Heyecan dolu bu oyun, fiziksel aktiviteyle e\u011flenceyi birle\u015ftirir.<\/p>\n<\/li>\n<li data-start=\"681\" data-end=\"984\">\n<p data-start=\"683\" data-end=\"710\"><strong data-start=\"683\" data-end=\"708\">Interaktif Elemanlar:<\/strong><\/p>\n<ul data-start=\"713\" data-end=\"984\">\n<li data-start=\"713\" data-end=\"812\"><strong data-start=\"715\" data-end=\"731\">LED I\u015f\u0131klar:<\/strong> Hedefler vuruldu\u011funda renkli \u0131\u015f\u0131klar yanar, oyunculara g\u00f6rsel bir \u015f\u00f6len sunar.<\/li>\n<li data-start=\"815\" data-end=\"896\"><strong data-start=\"817\" data-end=\"835\">Ses Efektleri:<\/strong> Her isabetli at\u0131\u015fta e\u011flenceli ses efektleri devreye girer.<\/li>\n<li data-start=\"899\" data-end=\"984\"><strong data-start=\"901\" data-end=\"925\">Dijital Skor Paneli:<\/strong> Tak\u0131mlar\u0131n anl\u0131k puan durumunu ve kalan s\u00fcreyi g\u00f6sterir.<\/li>\n<\/ul>\n<\/li>\n<li><strong data-start=\"988\" data-end=\"997\">Ama\u00e7: <\/strong>\n<ul data-start=\"420\" data-end=\"1152\">\n<li>Oyuncular, toplar\u0131 hedeflere isabet ettirerek tak\u0131m\u0131na puan kazand\u0131rmaya \u00e7al\u0131\u015f\u0131r. En y\u00fcksek skoru yapan tak\u0131m galip gelir ve heyecan zirveye ula\u015f\u0131r!<\/li>\n<\/ul>\n<\/li>\n<\/ul>","protected":false},"excerpt":{"rendered":"<h3 data-start=\"0\" data-end=\"25\"><span style=\"color: #00ccff;\"><strong data-start=\"4\" data-end=\"23\">Golden Strikers &#8211; <\/strong><strong data-start=\"26\" data-end=\"83\">Futbol Heyecan\u0131n\u0131 Interaktif Teknolojiyle Bulu\u015fturun!<\/strong><\/span><\/h3>\n<p><strong data-start=\"988\" data-end=\"997\">Ama\u00e7: Golden Strikers o<\/strong>yuncular, toplar\u0131 hedeflere isabet ettirerek tak\u0131m\u0131na puan kazand\u0131rmaya \u00e7al\u0131\u015f\u0131r. En y\u00fcksek skoru yapan tak\u0131m galip gelir ve heyecan zirveye ula\u015f\u0131r!<\/p>","protected":false},"featured_media":2579,"comment_status":"open","ping_status":"closed","template":"","meta":{"_gspb_post_css":""},"product_brand":[226],"product_cat":[218],"product_tag":[274,276,275,270,273,259],"class_list":{"0":"post-604","1":"product","2":"type-product","3":"status-publish","4":"has-post-thumbnail","6":"product_brand-creo-interactive","7":"product_cat-basketbol-ve-hedef-vurma-oyunlari","8":"product_tag-etkilesimli-futbol-oyunu","9":"product_tag-hedef-vurma-oyunu","10":"product_tag-ic-mekan-futbol-sahasi","11":"product_tag-ic-mekan-oyun-ureticisi","12":"product_tag-interaktif-futbol-oyunu","13":"product_tag-interaktif-oyun-ureticisi","15":"first","16":"instock","17":"taxable","18":"shipping-taxable","19":"purchasable","20":"product-type-simple"},"_links":{"self":[{"href":"https:\/\/creo-interactive.com\/en\/wp-json\/wp\/v2\/product\/604","targetHints":{"allow":["GET"]}}],"collection":[{"href":"https:\/\/creo-interactive.com\/en\/wp-json\/wp\/v2\/product"}],"about":[{"href":"https:\/\/creo-interactive.com\/en\/wp-json\/wp\/v2\/types\/product"}],"replies":[{"embeddable":true,"href":"https:\/\/creo-interactive.com\/en\/wp-json\/wp\/v2\/comments?post=604"}],"wp:featuredmedia":[{"embeddable":true,"href":"https:\/\/creo-interactive.com\/en\/wp-json\/wp\/v2\/media\/2579"}],"wp:attachment":[{"href":"https:\/\/creo-interactive.com\/en\/wp-json\/wp\/v2\/media?parent=604"}],"wp:term":[{"taxonomy":"product_brand","embeddable":true,"href":"https:\/\/creo-interactive.com\/en\/wp-json\/wp\/v2\/product_brand?post=604"},{"taxonomy":"product_cat","embeddable":true,"href":"https:\/\/creo-interactive.com\/en\/wp-json\/wp\/v2\/product_cat?post=604"},{"taxonomy":"product_tag","embeddable":true,"href":"https:\/\/creo-interactive.com\/en\/wp-json\/wp\/v2\/product_tag?post=604"}],"curies":[{"name":"wp","href":"https:\/\/api.w.org\/{rel}","templated":true}]}}