{"id":713,"date":"2025-02-21T12:39:51","date_gmt":"2025-02-21T12:39:51","guid":{"rendered":"https:\/\/startersites.io\/blocksy\/kiddy\/?post_type=product&#038;p=713"},"modified":"2025-10-07T10:28:22","modified_gmt":"2025-10-07T10:28:22","slug":"aero-ball","status":"publish","type":"product","link":"https:\/\/creo-interactive.com\/en\/product\/aero-ball\/","title":{"rendered":"Aero Ball"},"content":{"rendered":"<h2 data-start=\"0\" data-end=\"19\"><span style=\"color: #ff0000;\"><strong data-start=\"4\" data-end=\"17\">Aero Ball &#8211; <\/strong><strong data-start=\"20\" data-end=\"59\">Toplar\u0131 Havada Tut ve E\u011flenceye U\u00e7!<\/strong><\/span><\/h2>\n<p data-start=\"63\" data-end=\"320\"><strong data-start=\"63\" data-end=\"76\">A\u00e7\u0131klama:<\/strong><br data-start=\"76\" data-end=\"79\" \/>Aero Ball, havan\u0131n g\u00fcc\u00fcn\u00fc kullanarak toplar\u0131 havada as\u0131l\u0131 tutan ve hedeflere do\u011fru y\u00f6nlendiren interaktif bir oyun sistemidir. \u00c7ocuklar\u0131n el-g\u00f6z koordinasyonunu ve reflekslerini geli\u015ftiren bu oyun, oyun alanlar\u0131nda e\u015fsiz bir deneyim sunar.<\/p>\n<hr data-start=\"322\" data-end=\"325\" \/>\n<p data-start=\"327\" data-end=\"348\"><strong data-start=\"327\" data-end=\"346\">\u00dcr\u00fcn Detaylar\u0131:<\/strong><\/p>\n<ul data-start=\"349\" data-end=\"1034\">\n<li data-start=\"349\" data-end=\"549\">\n<p data-start=\"351\" data-end=\"549\"><strong data-start=\"351\" data-end=\"367\">Oyun Temas\u0131:<\/strong><br data-start=\"367\" data-end=\"370\" \/>Oyuncular, hava ak\u0131m\u0131n\u0131 kontrol ederek toplar\u0131 havada tutar ve belirlenen hedeflere y\u00f6nlendirmeye \u00e7al\u0131\u015f\u0131r. Ama\u00e7, toplar\u0131 do\u011fru bir \u015fekilde hedefe ula\u015ft\u0131rarak puan kazanmakt\u0131r.<\/p>\n<\/li>\n<li data-start=\"551\" data-end=\"924\">\n<p data-start=\"553\" data-end=\"580\"><strong data-start=\"553\" data-end=\"578\">Interaktif Elemanlar:<\/strong><\/p>\n<ul data-start=\"583\" data-end=\"924\">\n<li data-start=\"583\" data-end=\"674\"><strong data-start=\"585\" data-end=\"608\">Hava Ak\u0131m\u0131 Sistemi:<\/strong> Toplar\u0131n havada as\u0131l\u0131 kalmas\u0131n\u0131 sa\u011flayan g\u00fc\u00e7l\u00fc bir fan sistemi.<\/li>\n<li data-start=\"763\" data-end=\"836\"><strong data-start=\"765\" data-end=\"781\">LED I\u015f\u0131klar:<\/strong> Oyuna g\u00f6rsel bir zenginlik katan led \u0131\u015f\u0131klar.<\/li>\n<li data-start=\"839\" data-end=\"924\"><strong data-start=\"841\" data-end=\"859\">Ses Efektleri:<\/strong> Ba\u015far\u0131l\u0131 at\u0131\u015flarda motive edici seslerle geri bildirim sa\u011flar. (Opsiyonel)<\/li>\n<\/ul>\n<\/li>\n<li data-start=\"926\" data-end=\"1034\">\n<p data-start=\"928\" data-end=\"1034\"><strong data-start=\"928\" data-end=\"937\">Ama\u00e7:<\/strong><br data-start=\"937\" data-end=\"940\" \/>Oyuncular, toplar\u0131 hava ak\u0131m\u0131yla hedefe y\u00f6nlendirerek en y\u00fcksek puan\u0131 elde etmeye \u00e7al\u0131\u015f\u0131r.<\/p>\n<\/li>\n<\/ul>\n<p data-start=\"1036\" data-end=\"1133\">Aero Ball, hem e\u011flenceli hem de \u00f6\u011fretici yap\u0131s\u0131yla oyun alanlar\u0131n\u0131za hareket ve enerji katacak!<\/p>","protected":false},"excerpt":{"rendered":"<h3 data-start=\"0\" data-end=\"19\"><span style=\"color: #ff0000;\"><strong data-start=\"20\" data-end=\"59\">Toplar\u0131 Havada Tut ve E\u011flenceye U\u00e7!<\/strong><\/span><\/h3>\n<p data-start=\"928\" data-end=\"1034\"><strong data-start=\"928\" data-end=\"937\">Ama\u00e7: <\/strong>Oyuncular, toplar\u0131 hava ak\u0131m\u0131yla hedefe y\u00f6nlendirerek en y\u00fcksek puan\u0131 elde etmeye \u00e7al\u0131\u015f\u0131r.<\/p>\n<p data-start=\"1036\" data-end=\"1133\">Aero Ball, hem e\u011flenceli hem de \u00f6\u011fretici yap\u0131s\u0131yla oyun alanlar\u0131n\u0131za hareket ve enerji katacak!<\/p>","protected":false},"featured_media":2615,"comment_status":"open","ping_status":"closed","template":"","meta":{"_gspb_post_css":""},"product_brand":[226],"product_cat":[210],"product_tag":[],"class_list":{"0":"post-713","1":"product","2":"type-product","3":"status-publish","4":"has-post-thumbnail","6":"product_brand-creo-interactive","7":"product_cat-hava-ile-calisan-oyunlar","9":"first","10":"instock","11":"taxable","12":"shipping-taxable","13":"purchasable","14":"product-type-simple"},"_links":{"self":[{"href":"https:\/\/creo-interactive.com\/en\/wp-json\/wp\/v2\/product\/713","targetHints":{"allow":["GET"]}}],"collection":[{"href":"https:\/\/creo-interactive.com\/en\/wp-json\/wp\/v2\/product"}],"about":[{"href":"https:\/\/creo-interactive.com\/en\/wp-json\/wp\/v2\/types\/product"}],"replies":[{"embeddable":true,"href":"https:\/\/creo-interactive.com\/en\/wp-json\/wp\/v2\/comments?post=713"}],"wp:featuredmedia":[{"embeddable":true,"href":"https:\/\/creo-interactive.com\/en\/wp-json\/wp\/v2\/media\/2615"}],"wp:attachment":[{"href":"https:\/\/creo-interactive.com\/en\/wp-json\/wp\/v2\/media?parent=713"}],"wp:term":[{"taxonomy":"product_brand","embeddable":true,"href":"https:\/\/creo-interactive.com\/en\/wp-json\/wp\/v2\/product_brand?post=713"},{"taxonomy":"product_cat","embeddable":true,"href":"https:\/\/creo-interactive.com\/en\/wp-json\/wp\/v2\/product_cat?post=713"},{"taxonomy":"product_tag","embeddable":true,"href":"https:\/\/creo-interactive.com\/en\/wp-json\/wp\/v2\/product_tag?post=713"}],"curies":[{"name":"wp","href":"https:\/\/api.w.org\/{rel}","templated":true}]}}