{"id":717,"date":"2025-02-21T12:54:34","date_gmt":"2025-02-21T12:54:34","guid":{"rendered":"https:\/\/startersites.io\/blocksy\/kiddy\/?post_type=product&#038;p=717"},"modified":"2025-10-07T10:28:21","modified_gmt":"2025-10-07T10:28:21","slug":"mini-beats","status":"publish","type":"product","link":"https:\/\/creo-interactive.com\/en\/product\/mini-beats\/","title":{"rendered":"Mini Beats"},"content":{"rendered":"<h2 data-start=\"0\" data-end=\"19\"><span style=\"color: #8765a0;\"><strong data-start=\"4\" data-end=\"17\">MiniBeats &#8211; <\/strong><strong data-start=\"20\" data-end=\"65\">Ad\u0131mlarla Ritim Tut, E\u011flenceye M\u00fczik Kat!<\/strong><\/span><\/h2>\n<p data-start=\"69\" data-end=\"362\"><strong data-start=\"69\" data-end=\"82\">A\u00e7\u0131klama:<\/strong><br data-start=\"82\" data-end=\"85\" \/>MiniBeats, \u00e7ocuklar\u0131n m\u00fczik notalar\u0131 \u00fczerinde e\u011flenerek y\u00fcr\u00fcd\u00fc\u011f\u00fc interaktif bir oyun platformudur. Her ad\u0131mda farkl\u0131 bir nota \u00e7alar, b\u00f6ylece hem e\u011flence hem de \u00f6\u011frenme bir arada sunulur. Renkli \u0131\u015f\u0131klar ve melodiler e\u015fli\u011finde, \u00e7ocuklar oyun oynarken kendi m\u00fcziklerini yarat\u0131r!<\/p>\n<hr data-start=\"364\" data-end=\"367\" \/>\n<p data-start=\"369\" data-end=\"390\"><strong data-start=\"369\" data-end=\"388\">\u00dcr\u00fcn Detaylar\u0131:<\/strong><\/p>\n<ul data-start=\"391\" data-end=\"1093\">\n<li data-start=\"391\" data-end=\"618\">\n<p data-start=\"393\" data-end=\"618\"><strong data-start=\"393\" data-end=\"409\">Oyun Temas\u0131:<\/strong><br data-start=\"409\" data-end=\"412\" \/>MiniBeats, \u00e7ocuklar\u0131n ad\u0131m att\u0131klar\u0131 her notayla melodi olu\u015fturdu\u011fu bir oyun sistemidir. Platform \u00fczerindeki renkli alanlara dokunduk\u00e7a ses efektleri ve \u0131\u015f\u0131klar devreye girer, m\u00fczikal bir deneyim sunar.<\/p>\n<\/li>\n<li data-start=\"620\" data-end=\"914\">\n<p data-start=\"622\" data-end=\"649\"><strong data-start=\"622\" data-end=\"647\">Interaktif Elemanlar:<\/strong><\/p>\n<ul data-start=\"652\" data-end=\"914\">\n<li data-start=\"652\" data-end=\"724\"><strong data-start=\"654\" data-end=\"673\">LED Ayd\u0131nlatma:<\/strong> Her ad\u0131mda platform renkli \u0131\u015f\u0131klarla ayd\u0131nlan\u0131r.<\/li>\n<li data-start=\"727\" data-end=\"815\"><strong data-start=\"729\" data-end=\"747\">Ses Efektleri:<\/strong> Her notaya dokunuldu\u011funda melodiler \u00e7alar, \u00e7ocuklar\u0131 motive eder.<\/li>\n<li data-start=\"818\" data-end=\"914\"><strong data-start=\"820\" data-end=\"844\">Dokunmatik Zeminler:<\/strong> \u00c7ocuklar\u0131n ad\u0131mlar\u0131na duyarl\u0131 hassas y\u00fczeyler ile etkile\u015fim sa\u011flar.<\/li>\n<\/ul>\n<\/li>\n<li data-start=\"916\" data-end=\"1093\">\n<p data-start=\"918\" data-end=\"1093\"><strong data-start=\"918\" data-end=\"927\">Ama\u00e7:<\/strong><br data-start=\"927\" data-end=\"930\" \/>\u00c7ocuklar, hem e\u011flenip hem de m\u00fczikal yeteneklerini geli\u015ftirerek notalar\u0131 tamamlamaya \u00e7al\u0131\u015f\u0131r. Yarat\u0131c\u0131 ve \u00f6\u011fretici bu oyun, \u00e7ocuklara m\u00fczik sevgisi kazand\u0131r\u0131r.<\/p>\n<\/li>\n<\/ul>","protected":false},"excerpt":{"rendered":"<h3 data-start=\"0\" data-end=\"19\"><span style=\"color: #8765a0;\"><strong data-start=\"20\" data-end=\"65\">Ad\u0131mlarla Ritim Tut, E\u011flenceye M\u00fczik Kat!<\/strong><\/span><\/h3>\n<p><strong data-start=\"918\" data-end=\"927\">Ama\u00e7: <\/strong>Mini Beats \u00c7ocuklar, hem e\u011flenip hem de m\u00fczikal yeteneklerini geli\u015ftirerek notalar\u0131 tamamlamaya \u00e7al\u0131\u015f\u0131r. Yarat\u0131c\u0131 ve \u00f6\u011fretici bu oyun, \u00e7ocuklara m\u00fczik sevgisi kazand\u0131r\u0131r.<\/p>","protected":false},"featured_media":2624,"comment_status":"open","ping_status":"closed","template":"","meta":{"_gspb_post_css":""},"product_brand":[226],"product_cat":[206],"product_tag":[],"class_list":{"0":"post-717","1":"product","2":"type-product","3":"status-publish","4":"has-post-thumbnail","6":"product_brand-creo-interactive","7":"product_cat-piyano-ve-muzik-tabanli-oyunlar","9":"first","10":"instock","11":"taxable","12":"shipping-taxable","13":"purchasable","14":"product-type-simple"},"_links":{"self":[{"href":"https:\/\/creo-interactive.com\/en\/wp-json\/wp\/v2\/product\/717","targetHints":{"allow":["GET"]}}],"collection":[{"href":"https:\/\/creo-interactive.com\/en\/wp-json\/wp\/v2\/product"}],"about":[{"href":"https:\/\/creo-interactive.com\/en\/wp-json\/wp\/v2\/types\/product"}],"replies":[{"embeddable":true,"href":"https:\/\/creo-interactive.com\/en\/wp-json\/wp\/v2\/comments?post=717"}],"wp:featuredmedia":[{"embeddable":true,"href":"https:\/\/creo-interactive.com\/en\/wp-json\/wp\/v2\/media\/2624"}],"wp:attachment":[{"href":"https:\/\/creo-interactive.com\/en\/wp-json\/wp\/v2\/media?parent=717"}],"wp:term":[{"taxonomy":"product_brand","embeddable":true,"href":"https:\/\/creo-interactive.com\/en\/wp-json\/wp\/v2\/product_brand?post=717"},{"taxonomy":"product_cat","embeddable":true,"href":"https:\/\/creo-interactive.com\/en\/wp-json\/wp\/v2\/product_cat?post=717"},{"taxonomy":"product_tag","embeddable":true,"href":"https:\/\/creo-interactive.com\/en\/wp-json\/wp\/v2\/product_tag?post=717"}],"curies":[{"name":"wp","href":"https:\/\/api.w.org\/{rel}","templated":true}]}}