{"id":719,"date":"2025-02-21T12:56:02","date_gmt":"2025-02-21T12:56:02","guid":{"rendered":"https:\/\/startersites.io\/blocksy\/kiddy\/?post_type=product&#038;p=719"},"modified":"2025-10-07T10:28:21","modified_gmt":"2025-10-07T10:28:21","slug":"micro-notes","status":"publish","type":"product","link":"https:\/\/creo-interactive.com\/en\/product\/micro-notes\/","title":{"rendered":"Micro Notes"},"content":{"rendered":"<h2 data-start=\"1100\" data-end=\"1120\"><span style=\"color: #8765a0;\"><strong data-start=\"1104\" data-end=\"1118\">MicroNotes &#8211; <\/strong><strong data-start=\"1121\" data-end=\"1168\">M\u00fczi\u011fin K\u00fc\u00e7\u00fck Dokunu\u015flarla Canland\u0131\u011f\u0131 Oyun!<\/strong><\/span><\/h2>\n<p data-start=\"1172\" data-end=\"1409\"><strong data-start=\"1172\" data-end=\"1185\">A\u00e7\u0131klama:<\/strong><br data-start=\"1185\" data-end=\"1188\" \/>MicroNotes, daha k\u00fc\u00e7\u00fck ya\u015f grubuna hitap eden basit ama etkileyici bir m\u00fczikal oyun platformudur. \u00c7ocuklar renkli tu\u015flara dokunduk\u00e7a notalar \u00e7alar, bu da onlar\u0131n hem dikkatini \u00e7eker hem de koordinasyonlar\u0131n\u0131 geli\u015ftirir.<\/p>\n<hr data-start=\"1411\" data-end=\"1414\" \/>\n<p data-start=\"1416\" data-end=\"1437\"><strong data-start=\"1416\" data-end=\"1435\">\u00dcr\u00fcn Detaylar\u0131:<\/strong><\/p>\n<ul data-start=\"1438\" data-end=\"2075\">\n<li data-start=\"1438\" data-end=\"1635\">\n<p data-start=\"1440\" data-end=\"1635\"><strong data-start=\"1440\" data-end=\"1456\">Oyun Temas\u0131:<\/strong><br data-start=\"1456\" data-end=\"1459\" \/>MicroNotes, ad\u0131m veya dokunu\u015fla aktive edilen renkli tu\u015flar ve notalar sunar. \u00c7ocuklar her dokunu\u015fta farkl\u0131 bir t\u0131n\u0131yla kar\u015f\u0131la\u015f\u0131r, bu da oyunu daha e\u011flenceli hale getirir.<\/p>\n<\/li>\n<li data-start=\"1637\" data-end=\"1895\">\n<p data-start=\"1639\" data-end=\"1666\"><strong data-start=\"1639\" data-end=\"1664\">Interaktif Elemanlar:<\/strong><\/p>\n<ul data-start=\"1669\" data-end=\"1895\">\n<li data-start=\"1669\" data-end=\"1741\"><strong data-start=\"1671\" data-end=\"1693\">Dokunmatik Tu\u015flar:<\/strong> Her bir tu\u015f farkl\u0131 bir notaya kar\u015f\u0131l\u0131k gelir.<\/li>\n<li data-start=\"1744\" data-end=\"1818\"><strong data-start=\"1746\" data-end=\"1762\">LED I\u015f\u0131klar:<\/strong> Dokunu\u015flarla senkronize \u015fekilde yanan renkli \u0131\u015f\u0131klar.<\/li>\n<li data-start=\"1821\" data-end=\"1895\"><strong data-start=\"1823\" data-end=\"1849\">Melodik Geri Bildirim:<\/strong> Do\u011fru dokunu\u015flarla keyifli melodiler \u00e7alar.<\/li>\n<\/ul>\n<\/li>\n<li data-start=\"1897\" data-end=\"2075\">\n<p data-start=\"1899\" data-end=\"2075\"><strong data-start=\"1899\" data-end=\"1908\">Ama\u00e7:<\/strong><br data-start=\"1908\" data-end=\"1911\" \/>\u00c7ocuklar\u0131n m\u00fczikle e\u011flenirken motor becerilerini ve ritim duygusunu geli\u015ftirmelerini sa\u011flamak. Basit ve etkili bu oyun, oyun alanlar\u0131n\u0131n vazge\u00e7ilmezi olacak! \ud83c\udfb5<\/p>\n<\/li>\n<\/ul>","protected":false},"excerpt":{"rendered":"<h3 data-start=\"1100\" data-end=\"1120\"><span style=\"color: #8765a0;\"><strong data-start=\"1121\" data-end=\"1168\">M\u00fczi\u011fin K\u00fc\u00e7\u00fck Dokunu\u015flarla Canland\u0131\u011f\u0131 Oyun!<\/strong><\/span><\/h3>\n<p><strong data-start=\"1899\" data-end=\"1908\">Ama\u00e7: Micro Notes <\/strong>\u00e7ocuklar\u0131n m\u00fczikle e\u011flenirken motor becerilerini ve ritim duygusunu geli\u015ftirmelerini sa\u011flamak. Basit ve etkili bu oyun, oyun alanlar\u0131n\u0131n vazge\u00e7ilmezi olacak! \ud83c\udfb5<\/p>","protected":false},"featured_media":2622,"comment_status":"open","ping_status":"closed","template":"","meta":{"_gspb_post_css":""},"product_brand":[226],"product_cat":[206],"product_tag":[301,304,300,259,295,299,302,303],"class_list":{"0":"post-719","1":"product","2":"type-product","3":"status-publish","4":"has-post-thumbnail","6":"product_brand-creo-interactive","7":"product_cat-piyano-ve-muzik-tabanli-oyunlar","8":"product_tag-akilli-piyano","9":"product_tag-creo-interaktif","10":"product_tag-etkilesimli-piyano","11":"product_tag-interaktif-oyun-ureticisi","12":"product_tag-interaktif-piyano","13":"product_tag-ledli-piyano","14":"product_tag-soft-piyano","15":"product_tag-yumusak-piyano","17":"first","18":"instock","19":"featured","20":"taxable","21":"shipping-taxable","22":"purchasable","23":"product-type-simple"},"_links":{"self":[{"href":"https:\/\/creo-interactive.com\/en\/wp-json\/wp\/v2\/product\/719","targetHints":{"allow":["GET"]}}],"collection":[{"href":"https:\/\/creo-interactive.com\/en\/wp-json\/wp\/v2\/product"}],"about":[{"href":"https:\/\/creo-interactive.com\/en\/wp-json\/wp\/v2\/types\/product"}],"replies":[{"embeddable":true,"href":"https:\/\/creo-interactive.com\/en\/wp-json\/wp\/v2\/comments?post=719"}],"wp:featuredmedia":[{"embeddable":true,"href":"https:\/\/creo-interactive.com\/en\/wp-json\/wp\/v2\/media\/2622"}],"wp:attachment":[{"href":"https:\/\/creo-interactive.com\/en\/wp-json\/wp\/v2\/media?parent=719"}],"wp:term":[{"taxonomy":"product_brand","embeddable":true,"href":"https:\/\/creo-interactive.com\/en\/wp-json\/wp\/v2\/product_brand?post=719"},{"taxonomy":"product_cat","embeddable":true,"href":"https:\/\/creo-interactive.com\/en\/wp-json\/wp\/v2\/product_cat?post=719"},{"taxonomy":"product_tag","embeddable":true,"href":"https:\/\/creo-interactive.com\/en\/wp-json\/wp\/v2\/product_tag?post=719"}],"curies":[{"name":"wp","href":"https:\/\/api.w.org\/{rel}","templated":true}]}}