{"id":721,"date":"2025-02-21T12:57:56","date_gmt":"2025-02-21T12:57:56","guid":{"rendered":"https:\/\/startersites.io\/blocksy\/kiddy\/?post_type=product&#038;p=721"},"modified":"2025-10-07T10:28:20","modified_gmt":"2025-10-07T10:28:20","slug":"tuneslide","status":"publish","type":"product","link":"https:\/\/creo-interactive.com\/en\/product\/tuneslide\/","title":{"rendered":"TuneSlide"},"content":{"rendered":"<h2 data-start=\"1128\" data-end=\"1147\"><span style=\"color: #8765a0;\"><strong data-start=\"1132\" data-end=\"1145\">TuneSlide &#8211; <\/strong><strong data-start=\"1148\" data-end=\"1197\">Kayarak M\u00fczi\u011fi Ke\u015ffet, E\u011flenceyi \u0130kiye Katla!<\/strong><\/span><\/h2>\n<p data-start=\"1201\" data-end=\"1453\"><strong data-start=\"1201\" data-end=\"1214\">A\u00e7\u0131klama:<\/strong><br data-start=\"1214\" data-end=\"1217\" \/>TuneSlide, kayd\u0131rak ve piyano tu\u015flar\u0131n\u0131 birle\u015ftiren yenilik\u00e7i bir interaktif oyundur. \u00c7ocuklar kayarken tu\u015flara dokunur ve her bir dokunu\u015fta e\u011flenceli melodiler olu\u015fur. Bu \u00fcr\u00fcn, oyun alanlar\u0131n\u0131zda heyecan\u0131 ve m\u00fczi\u011fi bir araya getirir!<\/p>\n<hr data-start=\"1455\" data-end=\"1458\" \/>\n<p data-start=\"1460\" data-end=\"1481\"><strong data-start=\"1460\" data-end=\"1479\">\u00dcr\u00fcn Detaylar\u0131:<\/strong><\/p>\n<ul data-start=\"1482\" data-end=\"2213\">\n<li data-start=\"1482\" data-end=\"1685\">\n<p data-start=\"1484\" data-end=\"1685\"><strong data-start=\"1484\" data-end=\"1500\">Oyun Temas\u0131:<\/strong><br data-start=\"1500\" data-end=\"1503\" \/>TuneSlide, kayd\u0131rak y\u00fczeyine entegre edilmi\u015f dokunmatik piyano tu\u015flar\u0131yla m\u00fczik yapma f\u0131rsat\u0131 sunar. \u00c7ocuklar her kay\u0131\u015fta hem e\u011flenir hem de notalarla m\u00fczikal bir yolculuk ya\u015far.<\/p>\n<\/li>\n<li data-start=\"1687\" data-end=\"2019\">\n<p data-start=\"1689\" data-end=\"1716\"><strong data-start=\"1689\" data-end=\"1714\">Interaktif Elemanlar:<\/strong><\/p>\n<ul data-start=\"1719\" data-end=\"2019\">\n<li data-start=\"1719\" data-end=\"1828\"><strong data-start=\"1721\" data-end=\"1743\">Dokunmatik Tu\u015flar:<\/strong> Kayd\u0131rak boyunca yerle\u015ftirilmi\u015f tu\u015flar, \u00e7ocuklar\u0131n dokunu\u015flar\u0131yla melodiler \u00e7alar.<\/li>\n<li data-start=\"1831\" data-end=\"1923\"><strong data-start=\"1833\" data-end=\"1852\">LED Ayd\u0131nlatma:<\/strong> Tu\u015flara dokunuldu\u011funda farkl\u0131 renklerde \u0131\u015f\u0131k efektleri ortaya \u00e7\u0131kar.<\/li>\n<li data-start=\"1926\" data-end=\"2019\"><strong data-start=\"1928\" data-end=\"1955\">M\u00fczik ve Ses Efektleri:<\/strong> Kayma s\u0131ras\u0131nda olu\u015fturulan ritmik sesler, e\u011flenceyi art\u0131r\u0131r.<\/li>\n<\/ul>\n<\/li>\n<li data-start=\"2021\" data-end=\"2213\">\n<p data-start=\"2023\" data-end=\"2213\"><strong data-start=\"2023\" data-end=\"2032\">Ama\u00e7:<\/strong><br data-start=\"2032\" data-end=\"2035\" \/>\u00c7ocuklar\u0131n hem fiziksel hem de zihinsel aktivitelerini desteklerken, e\u011flenceli bir \u015fekilde m\u00fczikle tan\u0131\u015fmalar\u0131n\u0131 sa\u011flar. TuneSlide, oyun alanlar\u0131n\u0131z\u0131n favori \u00fcr\u00fcn\u00fc olacak! \ud83c\udfb6<\/p>\n<\/li>\n<\/ul>","protected":false},"excerpt":{"rendered":"<h3 data-start=\"1128\" data-end=\"1147\"><span style=\"color: #8765a0;\"><strong data-start=\"1148\" data-end=\"1197\">Kayarak M\u00fczi\u011fi Ke\u015ffet, E\u011flenceyi \u0130kiye Katla!<\/strong><\/span><\/h3>\n<p><strong data-start=\"2023\" data-end=\"2032\">Ama\u00e7: <\/strong>TuneSlide \u00c7ocuklar\u0131n hem fiziksel hem de zihinsel aktivitelerini desteklerken, e\u011flenceli bir \u015fekilde m\u00fczikle tan\u0131\u015fmalar\u0131n\u0131 sa\u011flar. TuneSlide, oyun alanlar\u0131n\u0131z\u0131n favori \u00fcr\u00fcn\u00fc olacak! \ud83c\udfb6<\/p>","protected":false},"featured_media":2625,"comment_status":"open","ping_status":"closed","template":"","meta":{"_gspb_post_css":""},"product_brand":[226],"product_cat":[206],"product_tag":[],"class_list":{"0":"post-721","1":"product","2":"type-product","3":"status-publish","4":"has-post-thumbnail","6":"product_brand-creo-interactive","7":"product_cat-piyano-ve-muzik-tabanli-oyunlar","9":"first","10":"instock","11":"featured","12":"taxable","13":"shipping-taxable","14":"purchasable","15":"product-type-simple"},"_links":{"self":[{"href":"https:\/\/creo-interactive.com\/en\/wp-json\/wp\/v2\/product\/721","targetHints":{"allow":["GET"]}}],"collection":[{"href":"https:\/\/creo-interactive.com\/en\/wp-json\/wp\/v2\/product"}],"about":[{"href":"https:\/\/creo-interactive.com\/en\/wp-json\/wp\/v2\/types\/product"}],"replies":[{"embeddable":true,"href":"https:\/\/creo-interactive.com\/en\/wp-json\/wp\/v2\/comments?post=721"}],"wp:featuredmedia":[{"embeddable":true,"href":"https:\/\/creo-interactive.com\/en\/wp-json\/wp\/v2\/media\/2625"}],"wp:attachment":[{"href":"https:\/\/creo-interactive.com\/en\/wp-json\/wp\/v2\/media?parent=721"}],"wp:term":[{"taxonomy":"product_brand","embeddable":true,"href":"https:\/\/creo-interactive.com\/en\/wp-json\/wp\/v2\/product_brand?post=721"},{"taxonomy":"product_cat","embeddable":true,"href":"https:\/\/creo-interactive.com\/en\/wp-json\/wp\/v2\/product_cat?post=721"},{"taxonomy":"product_tag","embeddable":true,"href":"https:\/\/creo-interactive.com\/en\/wp-json\/wp\/v2\/product_tag?post=721"}],"curies":[{"name":"wp","href":"https:\/\/api.w.org\/{rel}","templated":true}]}}