{"id":723,"date":"2025-02-21T13:06:09","date_gmt":"2025-02-21T13:06:09","guid":{"rendered":"https:\/\/startersites.io\/blocksy\/kiddy\/?post_type=product&#038;p=723"},"modified":"2025-10-07T10:28:20","modified_gmt":"2025-10-07T10:28:20","slug":"carouselia","status":"publish","type":"product","link":"https:\/\/creo-interactive.com\/en\/product\/carouselia\/","title":{"rendered":"Carouselia"},"content":{"rendered":"<h2 data-start=\"0\" data-end=\"20\"><span style=\"color: #ff9900;\"><strong data-start=\"4\" data-end=\"18\">Carouselia &#8211; <\/strong><strong data-start=\"21\" data-end=\"50\">D\u00f6nen E\u011flencenin Merkezi!<\/strong><\/span><\/h2>\n<p data-start=\"54\" data-end=\"378\"><strong data-start=\"54\" data-end=\"67\">A\u00e7\u0131klama:<\/strong><br data-start=\"67\" data-end=\"70\" \/>Carouselia, \u00e7ocuklar\u0131n birlikte e\u011flenceli vakit ge\u00e7irebilece\u011fi interaktif bir d\u00f6ner platformdur. Hem bireysel hem de tak\u0131m olarak oynanabilen bu oyun, fiziksel aktiviteyi e\u011flenceli bir deneyime d\u00f6n\u00fc\u015ft\u00fcr\u00fcr. \u00c7ocuklar, denge ve koordinasyon yeteneklerini geli\u015ftirirken enerjilerini keyifli bir \u015fekilde harcar.<\/p>\n<hr data-start=\"380\" data-end=\"383\" \/>\n<p data-start=\"385\" data-end=\"406\"><strong data-start=\"385\" data-end=\"404\">\u00dcr\u00fcn Detaylar\u0131:<\/strong><\/p>\n<ul data-start=\"407\" data-end=\"1049\">\n<li data-start=\"407\" data-end=\"632\">\n<p data-start=\"409\" data-end=\"632\"><strong data-start=\"409\" data-end=\"425\">Oyun Temas\u0131:<\/strong><br data-start=\"425\" data-end=\"428\" \/>\u00c7ocuklar, d\u00f6ner platform \u00fczerinde hareket ederek h\u0131zlar\u0131n\u0131 kontrol eder ve e\u011flenceli bir maceraya \u00e7\u0131kar. Ama\u00e7, platformu dengede tutarak uzun s\u00fcre d\u00f6nd\u00fcrmek ve e\u011flenceyi maksimum seviyeye \u00e7\u0131karmakt\u0131r.<\/p>\n<\/li>\n<li data-start=\"634\" data-end=\"920\">\n<p data-start=\"636\" data-end=\"663\"><strong data-start=\"636\" data-end=\"661\">Interaktif Elemanlar:<\/strong><\/p>\n<ul data-start=\"666\" data-end=\"920\">\n<li data-start=\"666\" data-end=\"759\"><strong data-start=\"668\" data-end=\"687\">D\u00f6ner Platform:<\/strong> \u00c7ocuklar\u0131n \u00e7evresinde d\u00f6nebilece\u011fi g\u00fcvenli ve renkli bir oyun y\u00fczeyi.<\/li>\n<li data-start=\"846\" data-end=\"920\"><strong data-start=\"848\" data-end=\"866\">Ses Efektleri:<\/strong> Hareket s\u0131ras\u0131nda e\u011flenceyi art\u0131ran dinamik sesler. (opsiyonel)<\/li>\n<\/ul>\n<\/li>\n<li data-start=\"922\" data-end=\"1049\">\n<p data-start=\"924\" data-end=\"1049\"><strong data-start=\"924\" data-end=\"933\">Ama\u00e7:<\/strong><br data-start=\"933\" data-end=\"936\" \/>\u00c7ocuklar\u0131n denge ve koordinasyonlar\u0131n\u0131 geli\u015ftirerek, e\u011flenirken fiziksel becerilerini art\u0131rmalar\u0131n\u0131 sa\u011flamak.<\/p>\n<\/li>\n<\/ul>","protected":false},"excerpt":{"rendered":"<h3 data-start=\"0\" data-end=\"20\"><span style=\"color: #ff9900;\"><strong data-start=\"21\" data-end=\"50\">D\u00f6nen E\u011flencenin Merkezi!<\/strong><\/span><\/h3>\n<p><strong data-start=\"924\" data-end=\"933\">Ama\u00e7: <\/strong>\u00c7ocuklar\u0131n denge ve koordinasyonlar\u0131n\u0131 geli\u015ftirerek, e\u011flenirken fiziksel becerilerini art\u0131rmalar\u0131n\u0131 sa\u011flamak.<\/p>\n<p>&nbsp;<\/p>","protected":false},"featured_media":2601,"comment_status":"open","ping_status":"closed","template":"","meta":{"_gspb_post_css":""},"product_brand":[226],"product_cat":[219],"product_tag":[],"class_list":{"0":"post-723","1":"product","2":"type-product","3":"status-publish","4":"has-post-thumbnail","6":"product_brand-creo-interactive","7":"product_cat-hareket-ve-denge-tabanli-oyunlar","9":"first","10":"instock","11":"taxable","12":"shipping-taxable","13":"purchasable","14":"product-type-simple"},"_links":{"self":[{"href":"https:\/\/creo-interactive.com\/en\/wp-json\/wp\/v2\/product\/723","targetHints":{"allow":["GET"]}}],"collection":[{"href":"https:\/\/creo-interactive.com\/en\/wp-json\/wp\/v2\/product"}],"about":[{"href":"https:\/\/creo-interactive.com\/en\/wp-json\/wp\/v2\/types\/product"}],"replies":[{"embeddable":true,"href":"https:\/\/creo-interactive.com\/en\/wp-json\/wp\/v2\/comments?post=723"}],"wp:featuredmedia":[{"embeddable":true,"href":"https:\/\/creo-interactive.com\/en\/wp-json\/wp\/v2\/media\/2601"}],"wp:attachment":[{"href":"https:\/\/creo-interactive.com\/en\/wp-json\/wp\/v2\/media?parent=723"}],"wp:term":[{"taxonomy":"product_brand","embeddable":true,"href":"https:\/\/creo-interactive.com\/en\/wp-json\/wp\/v2\/product_brand?post=723"},{"taxonomy":"product_cat","embeddable":true,"href":"https:\/\/creo-interactive.com\/en\/wp-json\/wp\/v2\/product_cat?post=723"},{"taxonomy":"product_tag","embeddable":true,"href":"https:\/\/creo-interactive.com\/en\/wp-json\/wp\/v2\/product_tag?post=723"}],"curies":[{"name":"wp","href":"https:\/\/api.w.org\/{rel}","templated":true}]}}